{"id":2473,"date":"2024-06-05T07:48:21","date_gmt":"2024-06-05T07:48:21","guid":{"rendered":"https:\/\/latamlogistics.es\/?page_id=2473"},"modified":"2024-07-04T09:36:19","modified_gmt":"2024-07-04T09:36:19","slug":"erp-transporte-y-logistica-latam","status":"publish","type":"page","link":"https:\/\/latamlogistics.es\/ca\/erp-transporte-y-logistica-latam\/","title":{"rendered":"ERP transport i log\u00edstica Latam"},"content":{"rendered":"<div data-elementor-type=\"wp-page\" data-elementor-id=\"2473\" class=\"elementor elementor-2473\" data-elementor-post-type=\"page\">\n\t\t\t\t\t\t<section class=\"elementor-section elementor-top-section elementor-element elementor-element-2ae70179 elementor-section-boxed elementor-section-height-default elementor-section-height-default\" data-id=\"2ae70179\" data-element_type=\"section\">\n\t\t\t\t\t\t<div class=\"elementor-container elementor-column-gap-default\">\n\t\t\t\t\t<div class=\"elementor-column elementor-col-50 elementor-top-column elementor-element elementor-element-62c9d2ab\" data-id=\"62c9d2ab\" data-element_type=\"column\">\n\t\t\t<div class=\"elementor-widget-wrap elementor-element-populated\">\n\t\t\t\t\t\t<div class=\"elementor-element elementor-element-430dc2e elementor-widget elementor-widget-text-editor\" data-id=\"430dc2e\" data-element_type=\"widget\" data-widget_type=\"text-editor.default\">\n\t\t\t\t<div class=\"elementor-widget-container\">\n\t\t\t\t\t\t\t\t\t<p><span style=\"font-weight: 400;\">En el competitiu i din\u00e0mic m\u00f3n del transport i la log\u00edstica, comptar amb un sistema de planificaci\u00f3 de recursos empresarials (ERP) eficient i de confian\u00e7a \u00e9s crucial per a optimitzar les operacions i millorar la productivitat.\u00a0<\/span><\/p><p><span style=\"font-weight: 400;\">Latam Logistic es destaca com a l\u00edder en la implementaci\u00f3 i consultoria d' <\/span><b>ERP de transport i log\u00edstica a Latam<\/b><span style=\"font-weight: 400;\">, oferint solucions personalitzades i d'alta qualitat que s'adapten a les necessitats espec\u00edfiques de cada client. Latam Logistic posseeix una \u00e0mplia experi\u00e8ncia en el sector de la log\u00edstica i el transport, amb m\u00e9s de 20 anys de traject\u00f2ria que avalen el nostre coneixement i experi\u00e8ncia.<\/span><\/p><p><span style=\"font-weight: 400;\">El nostre equip d'experts est\u00e0 altament capacitat en la implementaci\u00f3 de sistemes ERP, espec\u00edficament dissenyats per a les complexitats i particularitats del transport i la log\u00edstica a la regi\u00f3 de Latam. Aquesta experi\u00e8ncia ens permet oferir solucions innovadores i efectives que optimitzen cada aspecte de les teves operacions.<\/span><\/p><p><span style=\"font-weight: 400;\">A Latam Logistic, creiem fermament que l'\u00e8xit de qualsevol projecte d' <\/span><b>ERP de transport i log\u00edstica a Latam<\/b><span style=\"font-weight: 400;\"> radica en entendre i satisfer les necessitats dels nostres clients.\u00a0<\/span><\/p><p><span style=\"font-weight: 400;\">Iniciem cada projecte amb una fase d'escolta activa, on identifiquem els desafiaments i objectius espec\u00edfics de la teva empresa. Aquest enfocament centrat en el client ens permet dissenyar i implementar sistemes ERP que realment resolen problemes i milloren l'efici\u00e8ncia operativa.<\/span><\/p><p><span style=\"font-weight: 400;\">Cada empresa t\u00e9 necessitats \u00faniques i a Latam Logistic ens especialitzem en oferir solucions <\/span><b>ERP de transport i log\u00edstica a Latam<\/b><span style=\"font-weight: 400;\"> totalment personalitzades. Des de la consultoria inicial fins a la implementaci\u00f3 i el suport continu, el nostre equip treballa de la m\u00e0 amb tu per a assegurar-se que el sistema ERP s'adapti perfectament als teus processos i objectius.\u00a0<\/span><\/p><p><span style=\"font-weight: 400;\">Ens enorgullim d'oferir un servei integral que cobreix totes les etapes del projecte, garantint una transici\u00f3 suau i reeixida cap a la nova plataforma ERP.<\/span><\/p><p><span style=\"font-weight: 400;\">A Latam Logistic, estem compromesos amb la innovaci\u00f3 i l'\u00fas de tecnologia avan\u00e7ada per a oferir les millors solucions ERP de transport i log\u00edstica a Latam. Utilitzem les \u00faltimes eines i metodologies per a assegurar-nos que els nostres sistemes ERP no sols siguin eficients i de confian\u00e7a, sin\u00f3 tamb\u00e9 escalables i adaptables als canvis futurs.\u00a0<\/span><\/p><p><span style=\"font-weight: 400;\">El nostre objectiu \u00e9s proporcionar-te una plataforma tecnol\u00f2gica robusta que suporti el creixement i l'evoluci\u00f3 del teu negoci.<\/span><\/p><p><span style=\"font-weight: 400;\">La satisfacci\u00f3 dels nostres clients \u00e9s la millor prova de la nostra efic\u00e0cia i comprom\u00eds. Hem implementat reeixidament sistemes <\/span><b>ERP de transport i log\u00edstica a Latam<\/b><span style=\"font-weight: 400;\"> per a una varietat d'empreses, millorant significativament la seva efici\u00e8ncia operativa i reduint costos.<\/span><\/p><p><span style=\"font-weight: 400;\">El nostre historial de projectes reeixits i clients satisfets ens posiciona com una opci\u00f3 de confian\u00e7a i preferida en el mercat.<\/span><\/p><p><span style=\"font-weight: 400;\">Seleccionar a Latam Logistic per al teu <\/span><b>ERP de transport i log\u00edstica a Latam<\/b><span style=\"font-weight: 400;\"> significa optar per un soci estrat\u00e8gic que combina experi\u00e8ncia, coneixement especialitzat, i un enfocament centrat en el client. La nostra dedicaci\u00f3 a l'excel\u00b7l\u00e8ncia, la innovaci\u00f3 i la personalitzaci\u00f3 ens permet oferir solucions ERP que no sols compleixen, sin\u00f3 que superen les expectatives dels nostres clients.<\/span><\/p><p><span style=\"font-weight: 400;\">En el m\u00f3n del transport i la log\u00edstica, un sistema ERP eficient \u00e9s essencial per a optimitzar les operacions i mantenir la competitivitat. Latam Logistic es compromet a oferir-te les millors solucions d' <\/span><b>ERP de transport i log\u00edstica a Latam<\/b><span style=\"font-weight: 400;\">, adaptades a les teves necessitats espec\u00edfiques i dissenyades per a impulsar el teu negoci cap a l'\u00e8xit.\u00a0<\/span><\/p><p><span style=\"font-weight: 400;\">Confia en Latam Logistic per a implementar un sistema ERP que transformi la teva operaci\u00f3 log\u00edstica i et brindi un avantatge competitiu en el mercat.<\/span><\/p>\t\t\t\t\t\t\t\t<\/div>\n\t\t\t\t<\/div>\n\t\t\t\t<div class=\"elementor-element elementor-element-f193dbf elementor-widget elementor-widget-image\" data-id=\"f193dbf\" data-element_type=\"widget\" data-widget_type=\"image.default\">\n\t\t\t\t<div class=\"elementor-widget-container\">\n\t\t\t\t\t\t\t\t\t\t\t\t\t\t\t<img fetchpriority=\"high\" decoding=\"async\" width=\"1024\" height=\"576\" src=\"https:\/\/latamlogistics.es\/wp-content\/uploads\/2023\/09\/TRANSPORTE-TERRESTRE-1024x576.jpg\" class=\"attachment-large size-large wp-image-1038\" alt=\"\" srcset=\"https:\/\/latamlogistics.es\/wp-content\/uploads\/2023\/09\/TRANSPORTE-TERRESTRE-1024x576.jpg 1024w, https:\/\/latamlogistics.es\/wp-content\/uploads\/2023\/09\/TRANSPORTE-TERRESTRE-300x169.jpg 300w, https:\/\/latamlogistics.es\/wp-content\/uploads\/2023\/09\/TRANSPORTE-TERRESTRE-768x432.jpg 768w, https:\/\/latamlogistics.es\/wp-content\/uploads\/2023\/09\/TRANSPORTE-TERRESTRE-1536x864.jpg 1536w, https:\/\/latamlogistics.es\/wp-content\/uploads\/2023\/09\/TRANSPORTE-TERRESTRE-18x10.jpg 18w, https:\/\/latamlogistics.es\/wp-content\/uploads\/2023\/09\/TRANSPORTE-TERRESTRE-24x14.jpg 24w, https:\/\/latamlogistics.es\/wp-content\/uploads\/2023\/09\/TRANSPORTE-TERRESTRE-36x20.jpg 36w, https:\/\/latamlogistics.es\/wp-content\/uploads\/2023\/09\/TRANSPORTE-TERRESTRE-48x27.jpg 48w, https:\/\/latamlogistics.es\/wp-content\/uploads\/2023\/09\/TRANSPORTE-TERRESTRE.jpg 1920w\" sizes=\"(max-width: 1024px) 100vw, 1024px\" \/>\t\t\t\t\t\t\t\t\t\t\t\t\t\t\t<\/div>\n\t\t\t\t<\/div>\n\t\t\t\t\t<\/div>\n\t\t<\/div>\n\t\t\t\t<div class=\"elementor-column elementor-col-50 elementor-top-column elementor-element elementor-element-7d2cd0ac\" data-id=\"7d2cd0ac\" data-element_type=\"column\" data-settings=\"{&quot;background_background&quot;:&quot;classic&quot;}\">\n\t\t\t<div class=\"elementor-widget-wrap elementor-element-populated\">\n\t\t\t\t\t\t<div class=\"elementor-element elementor-element-feb41a7 elementor-widget elementor-widget-heading\" data-id=\"feb41a7\" data-element_type=\"widget\" data-widget_type=\"heading.default\">\n\t\t\t\t<div class=\"elementor-widget-container\">\n\t\t\t\t\t<h3 class=\"elementor-heading-title elementor-size-default\">Parlem?<\/h3>\t\t\t\t<\/div>\n\t\t\t\t<\/div>\n\t\t\t\t<div class=\"elementor-element elementor-element-555fe81 elementor-widget-divider--view-line elementor-widget elementor-widget-divider\" data-id=\"555fe81\" data-element_type=\"widget\" data-widget_type=\"divider.default\">\n\t\t\t\t<div class=\"elementor-widget-container\">\n\t\t\t\t\t\t\t<div class=\"elementor-divider\">\n\t\t\t<span class=\"elementor-divider-separator\">\n\t\t\t\t\t\t<\/span>\n\t\t<\/div>\n\t\t\t\t\t\t<\/div>\n\t\t\t\t<\/div>\n\t\t\t\t<div class=\"elementor-element elementor-element-31933983 elementor-button-align-start elementor-widget elementor-widget-form\" data-id=\"31933983\" data-element_type=\"widget\" data-settings=\"{&quot;step_next_label&quot;:&quot;Next&quot;,&quot;step_previous_label&quot;:&quot;Previous&quot;,&quot;button_width&quot;:&quot;100&quot;,&quot;step_type&quot;:&quot;number_text&quot;,&quot;step_icon_shape&quot;:&quot;circle&quot;}\" data-widget_type=\"form.default\">\n\t\t\t\t<div class=\"elementor-widget-container\">\n\t\t\t\t\t\t\t<form class=\"elementor-form\" method=\"post\" name=\"New Form\" aria-label=\"New Form\" action=\"\">\n\t\t\t<input type=\"hidden\" name=\"post_id\" value=\"2473\"\/>\n\t\t\t<input type=\"hidden\" name=\"form_id\" value=\"31933983\"\/>\n\t\t\t<input type=\"hidden\" name=\"referer_title\" value=\"ERP transporte y log\u00edstica Latam - LATAM LOGISTICS | LA REVOLUCI\u00d3N del Transporte\" \/>\n\n\t\t\t\t\t\t\t<input type=\"hidden\" name=\"queried_id\" value=\"2473\"\/>\n\t\t\t\n\t\t\t<div class=\"elementor-form-fields-wrapper elementor-labels-above\">\n\t\t\t\t\t\t\t\t<div class=\"elementor-field-type-text elementor-field-group elementor-column elementor-field-group-name elementor-col-50\">\n\t\t\t\t\t\t\t\t\t\t\t\t\t<input size=\"1\" type=\"text\" name=\"form_fields[name]\" id=\"form-field-name\" class=\"elementor-field elementor-size-sm  elementor-field-textual\" placeholder=\"Nom\">\n\t\t\t\t\t\t\t\t\t\t\t<\/div>\n\t\t\t\t\t\t\t\t<div class=\"elementor-field-type-text elementor-field-group elementor-column elementor-field-group-field_1c7f7fa elementor-col-50 elementor-field-required\">\n\t\t\t\t\t\t\t\t\t\t\t\t\t<input size=\"1\" type=\"text\" name=\"form_fields[field_1c7f7fa]\" id=\"form-field-field_1c7f7fa\" class=\"elementor-field elementor-size-sm  elementor-field-textual\" placeholder=\"Cognoms\" required=\"required\">\n\t\t\t\t\t\t\t\t\t\t\t<\/div>\n\t\t\t\t\t\t\t\t<div class=\"elementor-field-type-email elementor-field-group elementor-column elementor-field-group-email elementor-col-50 elementor-field-required\">\n\t\t\t\t\t\t\t\t\t\t\t\t\t<input size=\"1\" type=\"email\" name=\"form_fields[email]\" id=\"form-field-email\" class=\"elementor-field elementor-size-sm  elementor-field-textual\" placeholder=\"Email\" required=\"required\">\n\t\t\t\t\t\t\t\t\t\t\t<\/div>\n\t\t\t\t\t\t\t\t<div class=\"elementor-field-type-tel elementor-field-group elementor-column elementor-field-group-field_a5f58a2 elementor-col-50 elementor-field-required\">\n\t\t\t\t\t\t\t<input size=\"1\" type=\"tel\" name=\"form_fields[field_a5f58a2]\" id=\"form-field-field_a5f58a2\" class=\"elementor-field elementor-size-sm  elementor-field-textual\" placeholder=\"Tel\u00e8fon\" required=\"required\" pattern=\"[0-9()#&amp;+*-=.]+\" title=\"Only numbers and phone characters (#, -, *, etc) are accepted.\" data-no-translation-title=\"\">\n\n\t\t\t\t\t\t<\/div>\n\t\t\t\t\t\t\t\t<div class=\"elementor-field-type-text elementor-field-group elementor-column elementor-field-group-field_bb76980 elementor-col-100 elementor-field-required\">\n\t\t\t\t\t\t\t\t\t\t\t\t\t<input size=\"1\" type=\"text\" name=\"form_fields[field_bb76980]\" id=\"form-field-field_bb76980\" class=\"elementor-field elementor-size-sm  elementor-field-textual\" placeholder=\"Assumpte\" required=\"required\">\n\t\t\t\t\t\t\t\t\t\t\t<\/div>\n\t\t\t\t\t\t\t\t<div class=\"elementor-field-type-textarea elementor-field-group elementor-column elementor-field-group-message elementor-col-100 elementor-field-required\">\n\t\t\t\t\t<textarea class=\"elementor-field-textual elementor-field  elementor-size-sm\" name=\"form_fields[message]\" id=\"form-field-message\" rows=\"4\" placeholder=\"Missatge\" required=\"required\"><\/textarea>\t\t\t\t<\/div>\n\t\t\t\t\t\t\t\t<div class=\"elementor-field-type-acceptance elementor-field-group elementor-column elementor-field-group-field_b965894 elementor-col-100 elementor-field-required\">\n\t\t\t\t\t\t\t<div class=\"elementor-field-subgroup\">\n\t\t\t<span class=\"elementor-field-option\">\n\t\t\t\t<input type=\"checkbox\" name=\"form_fields[field_b965894]\" id=\"form-field-field_b965894\" class=\"elementor-field elementor-size-sm  elementor-acceptance-field\" required=\"required\">\n\t\t\t\t<label for=\"form-field-field_b965894\">He llegit i accepto la <a href=\"https:\/\/latamdesarrollo.com\/politica-de-proteccion-de-datos\">pol\u00edtica de privacitat.<\/a><\/label>\t\t\t<\/span>\n\t\t<\/div>\n\t\t\t\t\t\t<\/div>\n\t\t\t\t\t\t\t\t<div class=\"elementor-field-type-text\">\n\t\t\t\t\t<input size=\"1\" type=\"text\" name=\"form_fields[field_2c1608e]\" id=\"form-field-field_2c1608e\" class=\"elementor-field elementor-size-sm\" style=\"display:none !important;\">\t\t\t\t<\/div>\n\t\t\t\t\t\t\t\t<div class=\"elementor-field-group elementor-column elementor-field-type-submit elementor-col-100 e-form__buttons\">\n\t\t\t\t\t<button class=\"elementor-button elementor-size-sm\" type=\"submit\">\n\t\t\t\t\t\t<span class=\"elementor-button-content-wrapper\">\n\t\t\t\t\t\t\t\t\t\t\t\t\t\t\t\t\t\t\t\t\t\t<span class=\"elementor-button-text\">Enviar missatge<\/span>\n\t\t\t\t\t\t\t\t\t\t\t\t\t<\/span>\n\t\t\t\t\t<\/button>\n\t\t\t\t<\/div>\n\t\t\t<\/div>\n\t\t<input type=\"hidden\" name=\"trp-form-language\" value=\"ca\"\/><\/form>\n\t\t\t\t\t\t<\/div>\n\t\t\t\t<\/div>\n\t\t\t\t\t<\/div>\n\t\t<\/div>\n\t\t\t\t\t<\/div>\n\t\t<\/section>\n\t\t\t\t<section class=\"elementor-section elementor-top-section elementor-element elementor-element-570878c elementor-section-full_width elementor-section-height-default elementor-section-height-default\" data-id=\"570878c\" data-element_type=\"section\">\n\t\t\t\t\t\t<div class=\"elementor-container elementor-column-gap-default\">\n\t\t\t\t\t<div class=\"elementor-column elementor-col-100 elementor-top-column elementor-element elementor-element-51f92f2\" data-id=\"51f92f2\" data-element_type=\"column\">\n\t\t\t<div class=\"elementor-widget-wrap elementor-element-populated\">\n\t\t\t\t\t\t<section class=\"elementor-section elementor-inner-section elementor-element elementor-element-b5ef9d6 elementor-section-full_width elementor-section-height-default elementor-section-height-default\" data-id=\"b5ef9d6\" data-element_type=\"section\">\n\t\t\t\t\t\t<div class=\"elementor-container elementor-column-gap-default\">\n\t\t\t\t\t<div class=\"elementor-column elementor-col-33 elementor-inner-column elementor-element elementor-element-bc7562b\" data-id=\"bc7562b\" data-element_type=\"column\">\n\t\t\t<div class=\"elementor-widget-wrap elementor-element-populated\">\n\t\t\t\t\t\t<div class=\"elementor-element elementor-element-b30a317 elementor-widget elementor-widget-heading\" data-id=\"b30a317\" data-element_type=\"widget\" data-widget_type=\"heading.default\">\n\t\t\t\t<div class=\"elementor-widget-container\">\n\t\t\t\t\t<p class=\"elementor-heading-title elementor-size-default\">Copyright LATAM LOGISTICS SL\u00a9 2023<\/p>\t\t\t\t<\/div>\n\t\t\t\t<\/div>\n\t\t\t\t\t<\/div>\n\t\t<\/div>\n\t\t\t\t<div class=\"elementor-column elementor-col-33 elementor-inner-column elementor-element elementor-element-ad01ef4\" data-id=\"ad01ef4\" data-element_type=\"column\">\n\t\t\t<div class=\"elementor-widget-wrap elementor-element-populated\">\n\t\t\t\t\t\t<div class=\"elementor-element elementor-element-22989a7 elementor-icon-list--layout-inline elementor-align-center elementor-hidden-tablet elementor-hidden-mobile elementor-list-item-link-full_width elementor-widget elementor-widget-icon-list\" data-id=\"22989a7\" data-element_type=\"widget\" data-widget_type=\"icon-list.default\">\n\t\t\t\t<div class=\"elementor-widget-container\">\n\t\t\t\t\t\t\t<ul class=\"elementor-icon-list-items elementor-inline-items\">\n\t\t\t\t\t\t\t<li class=\"elementor-icon-list-item elementor-inline-item\">\n\t\t\t\t\t\t\t\t\t\t\t<a href=\"https:\/\/latamdesarrollo.com\/aviso-legal\">\n\n\t\t\t\t\t\t\t\t\t\t\t<span class=\"elementor-icon-list-text\">AV\u00cdS LEGAL<\/span>\n\t\t\t\t\t\t\t\t\t\t\t<\/a>\n\t\t\t\t\t\t\t\t\t<\/li>\n\t\t\t\t\t\t\t\t<li class=\"elementor-icon-list-item elementor-inline-item\">\n\t\t\t\t\t\t\t\t\t\t\t<a href=\"https:\/\/latamdesarrollo.com\/politica-de-cookies\">\n\n\t\t\t\t\t\t\t\t\t\t\t<span class=\"elementor-icon-list-text\">Pol\u00edtica de cookies<\/span>\n\t\t\t\t\t\t\t\t\t\t\t<\/a>\n\t\t\t\t\t\t\t\t\t<\/li>\n\t\t\t\t\t\t\t\t<li class=\"elementor-icon-list-item elementor-inline-item\">\n\t\t\t\t\t\t\t\t\t\t\t<a href=\"https:\/\/latamdesarrollo.com\/politica-de-proteccion-de-datos\">\n\n\t\t\t\t\t\t\t\t\t\t\t<span class=\"elementor-icon-list-text\">POL\u00cdTICA DE PROTECCI\u00d3 DE DADES<\/span>\n\t\t\t\t\t\t\t\t\t\t\t<\/a>\n\t\t\t\t\t\t\t\t\t<\/li>\n\t\t\t\t\t\t\t\t<li class=\"elementor-icon-list-item elementor-inline-item\">\n\t\t\t\t\t\t\t\t\t\t\t<a href=\"https:\/\/latamdesarrollo.com\/condiciones-generales\">\n\n\t\t\t\t\t\t\t\t\t\t\t<span class=\"elementor-icon-list-text\">Condiciones generales<\/span>\n\t\t\t\t\t\t\t\t\t\t\t<\/a>\n\t\t\t\t\t\t\t\t\t<\/li>\n\t\t\t\t\t\t\t\t<li class=\"elementor-icon-list-item elementor-inline-item\">\n\t\t\t\t\t\t\t\t\t\t\t<a href=\"https:\/\/latamdesarrollo.com\/declaracion-de-accesibilidad\">\n\n\t\t\t\t\t\t\t\t\t\t\t<span class=\"elementor-icon-list-text\">DECLARACI\u00d3 D'ACCESIBILITAT<\/span>\n\t\t\t\t\t\t\t\t\t\t\t<\/a>\n\t\t\t\t\t\t\t\t\t<\/li>\n\t\t\t\t\t\t\t\t<li class=\"elementor-icon-list-item elementor-inline-item\">\n\t\t\t\t\t\t\t\t\t\t\t<a href=\"https:\/\/latamdesarrollo.com\/mapa-del-sitio\">\n\n\t\t\t\t\t\t\t\t\t\t\t<span class=\"elementor-icon-list-text\">MAPA DEL LLOC<\/span>\n\t\t\t\t\t\t\t\t\t\t\t<\/a>\n\t\t\t\t\t\t\t\t\t<\/li>\n\t\t\t\t\t\t<\/ul>\n\t\t\t\t\t\t<\/div>\n\t\t\t\t<\/div>\n\t\t\t\t<div class=\"elementor-element elementor-element-527eafb elementor-align-center elementor-hidden-desktop elementor-icon-list--layout-traditional elementor-list-item-link-full_width elementor-widget elementor-widget-icon-list\" data-id=\"527eafb\" data-element_type=\"widget\" data-widget_type=\"icon-list.default\">\n\t\t\t\t<div class=\"elementor-widget-container\">\n\t\t\t\t\t\t\t<ul class=\"elementor-icon-list-items\">\n\t\t\t\t\t\t\t<li class=\"elementor-icon-list-item\">\n\t\t\t\t\t\t\t\t\t\t\t<a href=\"https:\/\/latamdesarrollo.com\/aviso-legal\">\n\n\t\t\t\t\t\t\t\t\t\t\t<span class=\"elementor-icon-list-text\">AV\u00cdS LEGAL<\/span>\n\t\t\t\t\t\t\t\t\t\t\t<\/a>\n\t\t\t\t\t\t\t\t\t<\/li>\n\t\t\t\t\t\t\t\t<li class=\"elementor-icon-list-item\">\n\t\t\t\t\t\t\t\t\t\t\t<a href=\"https:\/\/latamdesarrollo.com\/politica-de-cookies\">\n\n\t\t\t\t\t\t\t\t\t\t\t<span class=\"elementor-icon-list-text\">Pol\u00edtica de cookies<\/span>\n\t\t\t\t\t\t\t\t\t\t\t<\/a>\n\t\t\t\t\t\t\t\t\t<\/li>\n\t\t\t\t\t\t\t\t<li class=\"elementor-icon-list-item\">\n\t\t\t\t\t\t\t\t\t\t\t<a href=\"https:\/\/latamdesarrollo.com\/politica-de-proteccion-de-datos\">\n\n\t\t\t\t\t\t\t\t\t\t\t<span class=\"elementor-icon-list-text\">POL\u00cdTICA DE PROTECCI\u00d3 DE DADES<\/span>\n\t\t\t\t\t\t\t\t\t\t\t<\/a>\n\t\t\t\t\t\t\t\t\t<\/li>\n\t\t\t\t\t\t\t\t<li class=\"elementor-icon-list-item\">\n\t\t\t\t\t\t\t\t\t\t\t<a href=\"https:\/\/latamdesarrollo.com\/condiciones-generales\">\n\n\t\t\t\t\t\t\t\t\t\t\t<span class=\"elementor-icon-list-text\">Condiciones generales<\/span>\n\t\t\t\t\t\t\t\t\t\t\t<\/a>\n\t\t\t\t\t\t\t\t\t<\/li>\n\t\t\t\t\t\t\t\t<li class=\"elementor-icon-list-item\">\n\t\t\t\t\t\t\t\t\t\t\t<a href=\"https:\/\/latamdesarrollo.com\/declaracion-de-accesibilidad\">\n\n\t\t\t\t\t\t\t\t\t\t\t<span class=\"elementor-icon-list-text\">DECLARACI\u00d3 D'ACCESIBILITAT<\/span>\n\t\t\t\t\t\t\t\t\t\t\t<\/a>\n\t\t\t\t\t\t\t\t\t<\/li>\n\t\t\t\t\t\t\t\t<li class=\"elementor-icon-list-item\">\n\t\t\t\t\t\t\t\t\t\t\t<a href=\"https:\/\/latamdesarrollo.com\/mapa-del-sitio\">\n\n\t\t\t\t\t\t\t\t\t\t\t<span class=\"elementor-icon-list-text\">MAPA DEL LLOC<\/span>\n\t\t\t\t\t\t\t\t\t\t\t<\/a>\n\t\t\t\t\t\t\t\t\t<\/li>\n\t\t\t\t\t\t<\/ul>\n\t\t\t\t\t\t<\/div>\n\t\t\t\t<\/div>\n\t\t\t\t\t<\/div>\n\t\t<\/div>\n\t\t\t\t<div class=\"elementor-column elementor-col-33 elementor-inner-column elementor-element elementor-element-e5c4a72\" data-id=\"e5c4a72\" data-element_type=\"column\">\n\t\t\t<div class=\"elementor-widget-wrap elementor-element-populated\">\n\t\t\t\t\t\t<div class=\"elementor-element elementor-element-2327ed2 elementor-shape-rounded elementor-grid-0 e-grid-align-center elementor-widget elementor-widget-social-icons\" data-id=\"2327ed2\" data-element_type=\"widget\" data-widget_type=\"social-icons.default\">\n\t\t\t\t<div class=\"elementor-widget-container\">\n\t\t\t\t\t\t\t<div class=\"elementor-social-icons-wrapper elementor-grid\">\n\t\t\t\t\t\t\t<span class=\"elementor-grid-item\">\n\t\t\t\t\t<a class=\"elementor-icon elementor-social-icon elementor-social-icon-linkedin-in elementor-repeater-item-00f59c0\" href=\"https:\/\/www.linkedin.com\/company\/latam-logistics\/?originalSubdomain=es\" target=\"_blank\">\n\t\t\t\t\t\t<span class=\"elementor-screen-only\">LinkedIn-in<\/span>\n\t\t\t\t\t\t<i aria-hidden=\"true\" class=\"fab fa-linkedin-in\"><\/i>\t\t\t\t\t<\/a>\n\t\t\t\t<\/span>\n\t\t\t\t\t<\/div>\n\t\t\t\t\t\t<\/div>\n\t\t\t\t<\/div>\n\t\t\t\t\t<\/div>\n\t\t<\/div>\n\t\t\t\t\t<\/div>\n\t\t<\/section>\n\t\t\t\t\t<\/div>\n\t\t<\/div>\n\t\t\t\t\t<\/div>\n\t\t<\/section>\n\t\t\t\t<section class=\"elementor-section elementor-top-section elementor-element elementor-element-dd41eae elementor-section-boxed elementor-section-height-default elementor-section-height-default\" data-id=\"dd41eae\" data-element_type=\"section\">\n\t\t\t\t\t\t<div class=\"elementor-container elementor-column-gap-default\">\n\t\t\t\t\t<div class=\"elementor-column elementor-col-100 elementor-top-column elementor-element elementor-element-62ee41d\" data-id=\"62ee41d\" data-element_type=\"column\">\n\t\t\t<div class=\"elementor-widget-wrap elementor-element-populated\">\n\t\t\t\t\t\t<div class=\"elementor-element elementor-element-d106e8d elementor-widget elementor-widget-image\" data-id=\"d106e8d\" data-element_type=\"widget\" data-widget_type=\"image.default\">\n\t\t\t\t<div class=\"elementor-widget-container\">\n\t\t\t\t\t\t\t\t\t\t\t\t\t\t\t<img decoding=\"async\" width=\"2048\" height=\"238\" src=\"https:\/\/latamlogistics.es\/wp-content\/uploads\/2023\/08\/Logo-digitalizadores-2048x238-1-1.png\" class=\"attachment-full size-full wp-image-121\" alt=\"\" srcset=\"https:\/\/latamlogistics.es\/wp-content\/uploads\/2023\/08\/Logo-digitalizadores-2048x238-1-1.png 2048w, https:\/\/latamlogistics.es\/wp-content\/uploads\/2023\/08\/Logo-digitalizadores-2048x238-1-1-300x35.png 300w, https:\/\/latamlogistics.es\/wp-content\/uploads\/2023\/08\/Logo-digitalizadores-2048x238-1-1-1024x119.png 1024w, https:\/\/latamlogistics.es\/wp-content\/uploads\/2023\/08\/Logo-digitalizadores-2048x238-1-1-768x89.png 768w, https:\/\/latamlogistics.es\/wp-content\/uploads\/2023\/08\/Logo-digitalizadores-2048x238-1-1-1536x179.png 1536w, https:\/\/latamlogistics.es\/wp-content\/uploads\/2023\/08\/Logo-digitalizadores-2048x238-1-1-18x2.png 18w, https:\/\/latamlogistics.es\/wp-content\/uploads\/2023\/08\/Logo-digitalizadores-2048x238-1-1-24x3.png 24w, https:\/\/latamlogistics.es\/wp-content\/uploads\/2023\/08\/Logo-digitalizadores-2048x238-1-1-36x4.png 36w, https:\/\/latamlogistics.es\/wp-content\/uploads\/2023\/08\/Logo-digitalizadores-2048x238-1-1-48x6.png 48w\" sizes=\"(max-width: 2048px) 100vw, 2048px\" \/>\t\t\t\t\t\t\t\t\t\t\t\t\t\t\t<\/div>\n\t\t\t\t<\/div>\n\t\t\t\t\t<\/div>\n\t\t<\/div>\n\t\t\t\t\t<\/div>\n\t\t<\/section>\n\t\t\t\t<\/div>","protected":false},"excerpt":{"rendered":"<p>En el competitivo y din\u00e1mico mundo del transporte y la log\u00edstica, contar con un sistema de planificaci\u00f3n de recursos empresariales (ERP) eficiente y confiable es crucial para optimizar las operaciones y mejorar la productividad.\u00a0 Latam Logistic se destaca como l\u00edder en la implementaci\u00f3n y consultor\u00eda de ERP de transporte y log\u00edstica en Latam, ofreciendo soluciones&hellip;&nbsp;<a href=\"https:\/\/latamlogistics.es\/ca\/erp-transporte-y-logistica-latam\/\" rel=\"bookmark\">Llegiu m\u00e9s &raquo;<span class=\"screen-reader-text\">ERP transport i log\u00edstica Latam<\/span><\/a><\/p>","protected":false},"author":2,"featured_media":0,"parent":0,"menu_order":0,"comment_status":"closed","ping_status":"closed","template":"page-templates\/template-pagebuilder-full-width.php","meta":{"neve_meta_sidebar":"","neve_meta_container":"","neve_meta_enable_content_width":"off","neve_meta_content_width":100,"neve_meta_title_alignment":"","neve_meta_author_avatar":"","neve_post_elements_order":"","neve_meta_disable_header":"","neve_meta_disable_footer":"on","neve_meta_disable_title":"","footnotes":""},"class_list":["post-2473","page","type-page","status-publish","hentry"],"acf":[],"aioseo_notices":[],"_links":{"self":[{"href":"https:\/\/latamlogistics.es\/ca\/wp-json\/wp\/v2\/pages\/2473","targetHints":{"allow":["GET"]}}],"collection":[{"href":"https:\/\/latamlogistics.es\/ca\/wp-json\/wp\/v2\/pages"}],"about":[{"href":"https:\/\/latamlogistics.es\/ca\/wp-json\/wp\/v2\/types\/page"}],"author":[{"embeddable":true,"href":"https:\/\/latamlogistics.es\/ca\/wp-json\/wp\/v2\/users\/2"}],"replies":[{"embeddable":true,"href":"https:\/\/latamlogistics.es\/ca\/wp-json\/wp\/v2\/comments?post=2473"}],"version-history":[{"count":7,"href":"https:\/\/latamlogistics.es\/ca\/wp-json\/wp\/v2\/pages\/2473\/revisions"}],"predecessor-version":[{"id":2533,"href":"https:\/\/latamlogistics.es\/ca\/wp-json\/wp\/v2\/pages\/2473\/revisions\/2533"}],"wp:attachment":[{"href":"https:\/\/latamlogistics.es\/ca\/wp-json\/wp\/v2\/media?parent=2473"}],"curies":[{"name":"wp","href":"https:\/\/api.w.org\/{rel}","templated":true}]}}