{"id":651,"date":"2023-08-16T14:47:26","date_gmt":"2023-08-16T14:47:26","guid":{"rendered":"https:\/\/latamdesarrollo.com\/?page_id=651"},"modified":"2026-03-18T10:27:55","modified_gmt":"2026-03-18T10:27:55","slug":"aviso-legal","status":"publish","type":"page","link":"https:\/\/latamlogistics.es\/ca\/aviso-legal\/","title":{"rendered":"AV\u00cdS LEGAL"},"content":{"rendered":"<div data-elementor-type=\"wp-page\" data-elementor-id=\"651\" class=\"elementor elementor-651\" data-elementor-post-type=\"page\">\n\t\t\t\t\t\t<section class=\"elementor-section elementor-top-section elementor-element elementor-element-d22f41e elementor-section-boxed elementor-section-height-default elementor-section-height-default\" data-id=\"d22f41e\" data-element_type=\"section\">\n\t\t\t\t\t\t<div class=\"elementor-container elementor-column-gap-default\">\n\t\t\t\t\t<div class=\"elementor-column elementor-col-33 elementor-top-column elementor-element elementor-element-60e4248a\" data-id=\"60e4248a\" data-element_type=\"column\">\n\t\t\t<div class=\"elementor-widget-wrap elementor-element-populated\">\n\t\t\t\t\t\t<div class=\"elementor-element elementor-element-6c47dcd7 elementor-widget__width-initial elementor-widget-mobile__width-initial elementor-widget elementor-widget-theme-site-logo elementor-widget-image\" data-id=\"6c47dcd7\" data-element_type=\"widget\" data-widget_type=\"theme-site-logo.default\">\n\t\t\t\t<div class=\"elementor-widget-container\">\n\t\t\t\t\t\t\t\t\t\t\t<a href=\"https:\/\/latamlogistics.es\/ca\">\n\t\t\t<img decoding=\"async\" width=\"287\" height=\"113\" src=\"https:\/\/latamlogistics.es\/wp-content\/uploads\/2023\/08\/LATAMWEB.svg\" class=\"attachment-full size-full wp-image-848\" alt=\"\" \/>\t\t\t\t<\/a>\n\t\t\t\t\t\t\t\t\t\t\t<\/div>\n\t\t\t\t<\/div>\n\t\t\t\t\t<\/div>\n\t\t<\/div>\n\t\t\t\t<div class=\"elementor-column elementor-col-33 elementor-top-column elementor-element elementor-element-43b49bf\" data-id=\"43b49bf\" data-element_type=\"column\">\n\t\t\t<div class=\"elementor-widget-wrap elementor-element-populated\">\n\t\t\t\t\t\t<div class=\"elementor-element elementor-element-38936a93 elementor-nav-menu__align-center elementor-nav-menu--dropdown-mobile elementor-widget__width-initial elementor-widget-mobile__width-initial elementor-nav-menu__text-align-aside elementor-nav-menu--toggle elementor-nav-menu--burger elementor-widget elementor-widget-nav-menu\" data-id=\"38936a93\" data-element_type=\"widget\" data-settings=\"{&quot;layout&quot;:&quot;horizontal&quot;,&quot;submenu_icon&quot;:{&quot;value&quot;:&quot;&lt;i class=\\&quot;fas fa-caret-down\\&quot; aria-hidden=\\&quot;true\\&quot;&gt;&lt;\\\/i&gt;&quot;,&quot;library&quot;:&quot;fa-solid&quot;},&quot;toggle&quot;:&quot;burger&quot;}\" data-widget_type=\"nav-menu.default\">\n\t\t\t\t<div class=\"elementor-widget-container\">\n\t\t\t\t\t\t\t\t<nav aria-label=\"Menu\" class=\"elementor-nav-menu--main elementor-nav-menu__container elementor-nav-menu--layout-horizontal e--pointer-underline e--animation-fade\">\n\t\t\t\t<ul id=\"menu-1-38936a93\" class=\"elementor-nav-menu\"><li class=\"menu-item menu-item-type-post_type menu-item-object-page menu-item-1996\"><a href=\"https:\/\/latamlogistics.es\/ca\/conocenos\/\" class=\"elementor-item\">SOBRE NOSALTRES<\/a><\/li>\n<li class=\"menu-item menu-item-type-post_type menu-item-object-page menu-item-3202\"><a href=\"https:\/\/latamlogistics.es\/ca\/terminal\/\" class=\"elementor-item\">TERMINAL<\/a><\/li>\n<li class=\"menu-item menu-item-type-post_type menu-item-object-page menu-item-3204\"><a href=\"https:\/\/latamlogistics.es\/ca\/campo-de-vuelo\/\" class=\"elementor-item\">CAMP DE VOL<\/a><\/li>\n<li class=\"menu-item menu-item-type-post_type menu-item-object-page menu-item-3203\"><a href=\"https:\/\/latamlogistics.es\/ca\/simulacion\/\" class=\"elementor-item\">SIMULACI\u00d3<\/a><\/li>\n<li class=\"menu-item menu-item-type-post_type menu-item-object-page menu-item-1998\"><a href=\"https:\/\/latamlogistics.es\/ca\/terrestre\/\" class=\"elementor-item\">TERRESTRE<\/a><\/li>\n<li class=\"menu-item menu-item-type-post_type menu-item-object-page menu-item-1999\"><a href=\"https:\/\/latamlogistics.es\/ca\/nuestros-proyectos\/\" class=\"elementor-item\">PROJECTES<\/a><\/li>\n<\/ul>\t\t\t<\/nav>\n\t\t\t\t\t<div class=\"elementor-menu-toggle\" role=\"button\" tabindex=\"0\" aria-label=\"Menu Toggle\" aria-expanded=\"false\">\n\t\t\t<i aria-hidden=\"true\" role=\"presentation\" class=\"elementor-menu-toggle__icon--open fas fa-plus\"><\/i><i aria-hidden=\"true\" role=\"presentation\" class=\"elementor-menu-toggle__icon--close eicon-close\"><\/i>\t\t<\/div>\n\t\t\t\t\t<nav class=\"elementor-nav-menu--dropdown elementor-nav-menu__container\" aria-hidden=\"true\">\n\t\t\t\t<ul id=\"menu-2-38936a93\" class=\"elementor-nav-menu\"><li class=\"menu-item menu-item-type-post_type menu-item-object-page menu-item-1996\"><a href=\"https:\/\/latamlogistics.es\/ca\/conocenos\/\" class=\"elementor-item\" tabindex=\"-1\">SOBRE NOSALTRES<\/a><\/li>\n<li class=\"menu-item menu-item-type-post_type menu-item-object-page menu-item-3202\"><a href=\"https:\/\/latamlogistics.es\/ca\/terminal\/\" class=\"elementor-item\" tabindex=\"-1\">TERMINAL<\/a><\/li>\n<li class=\"menu-item menu-item-type-post_type menu-item-object-page menu-item-3204\"><a href=\"https:\/\/latamlogistics.es\/ca\/campo-de-vuelo\/\" class=\"elementor-item\" tabindex=\"-1\">CAMP DE VOL<\/a><\/li>\n<li class=\"menu-item menu-item-type-post_type menu-item-object-page menu-item-3203\"><a href=\"https:\/\/latamlogistics.es\/ca\/simulacion\/\" class=\"elementor-item\" tabindex=\"-1\">SIMULACI\u00d3<\/a><\/li>\n<li class=\"menu-item menu-item-type-post_type menu-item-object-page menu-item-1998\"><a href=\"https:\/\/latamlogistics.es\/ca\/terrestre\/\" class=\"elementor-item\" tabindex=\"-1\">TERRESTRE<\/a><\/li>\n<li class=\"menu-item menu-item-type-post_type menu-item-object-page menu-item-1999\"><a href=\"https:\/\/latamlogistics.es\/ca\/nuestros-proyectos\/\" class=\"elementor-item\" tabindex=\"-1\">PROJECTES<\/a><\/li>\n<\/ul>\t\t\t<\/nav>\n\t\t\t\t\t\t<\/div>\n\t\t\t\t<\/div>\n\t\t\t\t\t<\/div>\n\t\t<\/div>\n\t\t\t\t<div class=\"elementor-column elementor-col-33 elementor-top-column elementor-element elementor-element-16f501b9\" data-id=\"16f501b9\" data-element_type=\"column\">\n\t\t\t<div class=\"elementor-widget-wrap elementor-element-populated\">\n\t\t\t\t\t\t<div class=\"elementor-element elementor-element-6a57770d elementor-widget__width-initial elementor-widget-mobile__width-initial elementor-nav-menu--dropdown-tablet elementor-nav-menu__text-align-aside elementor-nav-menu--toggle elementor-nav-menu--burger elementor-widget elementor-widget-nav-menu\" data-id=\"6a57770d\" data-element_type=\"widget\" data-settings=\"{&quot;layout&quot;:&quot;horizontal&quot;,&quot;submenu_icon&quot;:{&quot;value&quot;:&quot;&lt;i class=\\&quot;fas fa-caret-down\\&quot; aria-hidden=\\&quot;true\\&quot;&gt;&lt;\\\/i&gt;&quot;,&quot;library&quot;:&quot;fa-solid&quot;},&quot;toggle&quot;:&quot;burger&quot;}\" data-widget_type=\"nav-menu.default\">\n\t\t\t\t<div class=\"elementor-widget-container\">\n\t\t\t\t\t\t\t\t<nav aria-label=\"Menu\" class=\"elementor-nav-menu--main elementor-nav-menu__container elementor-nav-menu--layout-horizontal e--pointer-underline e--animation-fade\">\n\t\t\t\t<ul id=\"menu-1-6a57770d\" class=\"elementor-nav-menu\"><li class=\"menu-item menu-item-type-post_type menu-item-object-page menu-item-2002\"><a href=\"https:\/\/latamlogistics.es\/ca\/contacto\/\" class=\"elementor-item\">CONTACTA<\/a><\/li>\n<li class=\"trp-language-switcher-container trp-menu-ls-item trp-menu-ls-desktop current-language-menu-item menu-item menu-item-type-post_type menu-item-object-language_switcher menu-item-has-children menu-item-1363\"><a href=\"https:\/\/latamlogistics.es\/ca\/wp-json\/wp\/v2\/pages\/651\" class=\"elementor-item elementor-item-anchor\"><span class=\"trp-menu-ls-label\" data-no-translation title=\"CA\"><span class=\"trp-ls-language-name\">CA<\/span><\/span><\/a>\n<ul class=\"sub-menu elementor-nav-menu--dropdown\">\n\t<li class=\"trp-language-switcher-container trp-menu-ls-item trp-menu-ls-desktop menu-item menu-item-type-post_type menu-item-object-language_switcher current-language-menu-item menu-item-51\"><a href=\"https:\/\/latamlogistics.es\/ca\/wp-json\/wp\/v2\/pages\/651\" class=\"elementor-sub-item elementor-item-anchor\"><span class=\"trp-menu-ls-label\" data-no-translation title=\"ES\"><span class=\"trp-ls-language-name\">ES<\/span><\/span><\/a><\/li>\n\t<li class=\"trp-language-switcher-container trp-menu-ls-item trp-menu-ls-desktop menu-item menu-item-type-post_type menu-item-object-language_switcher current-language-menu-item menu-item-50\"><a href=\"https:\/\/latamlogistics.es\/ca\/wp-json\/wp\/v2\/pages\/651\" class=\"elementor-sub-item elementor-item-anchor\"><span class=\"trp-menu-ls-label\" data-no-translation title=\"EN\"><span class=\"trp-ls-language-name\">EN<\/span><\/span><\/a><\/li>\n<\/ul>\n<\/li>\n<\/ul>\t\t\t<\/nav>\n\t\t\t\t\t<div class=\"elementor-menu-toggle\" role=\"button\" tabindex=\"0\" aria-label=\"Menu Toggle\" aria-expanded=\"false\">\n\t\t\t<i aria-hidden=\"true\" role=\"presentation\" class=\"elementor-menu-toggle__icon--open eicon-menu-bar\"><\/i><i aria-hidden=\"true\" role=\"presentation\" class=\"elementor-menu-toggle__icon--close eicon-close\"><\/i>\t\t<\/div>\n\t\t\t\t\t<nav class=\"elementor-nav-menu--dropdown elementor-nav-menu__container\" aria-hidden=\"true\">\n\t\t\t\t<ul id=\"menu-2-6a57770d\" class=\"elementor-nav-menu\"><li class=\"menu-item menu-item-type-post_type menu-item-object-page menu-item-2002\"><a href=\"https:\/\/latamlogistics.es\/ca\/contacto\/\" class=\"elementor-item\" tabindex=\"-1\">CONTACTA<\/a><\/li>\n<li class=\"trp-language-switcher-container trp-menu-ls-item trp-menu-ls-desktop current-language-menu-item menu-item menu-item-type-post_type menu-item-object-language_switcher menu-item-has-children menu-item-1363\"><a href=\"https:\/\/latamlogistics.es\/ca\/wp-json\/wp\/v2\/pages\/651\" class=\"elementor-item elementor-item-anchor\" tabindex=\"-1\"><span class=\"trp-menu-ls-label\" data-no-translation title=\"CA\"><span class=\"trp-ls-language-name\">CA<\/span><\/span><\/a>\n<ul class=\"sub-menu elementor-nav-menu--dropdown\">\n\t<li class=\"trp-language-switcher-container trp-menu-ls-item trp-menu-ls-desktop menu-item menu-item-type-post_type menu-item-object-language_switcher current-language-menu-item menu-item-51\"><a href=\"https:\/\/latamlogistics.es\/ca\/wp-json\/wp\/v2\/pages\/651\" class=\"elementor-sub-item elementor-item-anchor\" tabindex=\"-1\"><span class=\"trp-menu-ls-label\" data-no-translation title=\"ES\"><span class=\"trp-ls-language-name\">ES<\/span><\/span><\/a><\/li>\n\t<li class=\"trp-language-switcher-container trp-menu-ls-item trp-menu-ls-desktop menu-item menu-item-type-post_type menu-item-object-language_switcher current-language-menu-item menu-item-50\"><a href=\"https:\/\/latamlogistics.es\/ca\/wp-json\/wp\/v2\/pages\/651\" class=\"elementor-sub-item elementor-item-anchor\" tabindex=\"-1\"><span class=\"trp-menu-ls-label\" data-no-translation title=\"EN\"><span class=\"trp-ls-language-name\">EN<\/span><\/span><\/a><\/li>\n<\/ul>\n<\/li>\n<\/ul>\t\t\t<\/nav>\n\t\t\t\t\t\t<\/div>\n\t\t\t\t<\/div>\n\t\t\t\t\t<\/div>\n\t\t<\/div>\n\t\t\t\t\t<\/div>\n\t\t<\/section>\n\t\t\t\t<section class=\"elementor-section elementor-top-section elementor-element elementor-element-2b96710 elementor-section-full_width elementor-section-height-min-height elementor-section-height-default elementor-section-items-middle\" data-id=\"2b96710\" data-element_type=\"section\" data-settings=\"{&quot;background_background&quot;:&quot;classic&quot;}\">\n\t\t\t\t\t\t\t<div class=\"elementor-background-overlay\"><\/div>\n\t\t\t\t\t\t\t<div class=\"elementor-container elementor-column-gap-default\">\n\t\t\t\t\t<div class=\"elementor-column elementor-col-100 elementor-top-column elementor-element elementor-element-3412af6\" data-id=\"3412af6\" data-element_type=\"column\">\n\t\t\t<div class=\"elementor-widget-wrap elementor-element-populated\">\n\t\t\t\t\t\t<section class=\"elementor-section elementor-inner-section elementor-element elementor-element-e309619 elementor-section-boxed elementor-section-height-default elementor-section-height-default\" data-id=\"e309619\" data-element_type=\"section\">\n\t\t\t\t\t\t<div class=\"elementor-container elementor-column-gap-default\">\n\t\t\t\t\t<div class=\"elementor-column elementor-col-100 elementor-inner-column elementor-element elementor-element-98eddbc\" data-id=\"98eddbc\" data-element_type=\"column\">\n\t\t\t<div class=\"elementor-widget-wrap elementor-element-populated\">\n\t\t\t\t\t\t<div class=\"elementor-element elementor-element-b78cc8b elementor-widget elementor-widget-heading\" data-id=\"b78cc8b\" data-element_type=\"widget\" data-widget_type=\"heading.default\">\n\t\t\t\t<div class=\"elementor-widget-container\">\n\t\t\t\t\t<h1 class=\"elementor-heading-title elementor-size-default\">AV\u00cdS LEGAL<\/h1>\t\t\t\t<\/div>\n\t\t\t\t<\/div>\n\t\t\t\t\t<\/div>\n\t\t<\/div>\n\t\t\t\t\t<\/div>\n\t\t<\/section>\n\t\t\t\t\t<\/div>\n\t\t<\/div>\n\t\t\t\t\t<\/div>\n\t\t<\/section>\n\t\t\t\t<section class=\"elementor-section elementor-top-section elementor-element elementor-element-27f1721 elementor-section-boxed elementor-section-height-default elementor-section-height-default\" data-id=\"27f1721\" data-element_type=\"section\">\n\t\t\t\t\t\t<div class=\"elementor-container elementor-column-gap-default\">\n\t\t\t\t\t<div class=\"elementor-column elementor-col-100 elementor-top-column elementor-element elementor-element-4dac806\" data-id=\"4dac806\" data-element_type=\"column\">\n\t\t\t<div class=\"elementor-widget-wrap elementor-element-populated\">\n\t\t\t\t\t\t<div class=\"elementor-element elementor-element-620fc2c elementor-widget elementor-widget-text-editor\" data-id=\"620fc2c\" data-element_type=\"widget\" data-widget_type=\"text-editor.default\">\n\t\t\t\t<div class=\"elementor-widget-container\">\n\t\t\t\t\t\t\t\t\t<p>De conformitat amb la Llei 34\/2002, de Serveis de la Societat de la Informaci\u00f3 i de Comer\u00e7 Electr\u00f2nic, l'informem que aquesta web \u00e9s titularitat de <span style=\"font-weight: 400;\">LATAM LOGISTIC SL<\/span>, (d'ara endavant \u201cEL TITULAR\u201d), amb CIF: <span style=\"font-weight: 400;\">B25821778<\/span>, amb domicili a <span style=\"font-weight: 400;\">Avinguda Josep Tarradellas 138 3r, 4a<\/span>; tel\u00e8fon <span style=\"font-weight: 400;\">+34 659 45 39 77<\/span>.<\/p>\n<p class=\"titol text-bold text-uppercase\"><strong>PROPIETAT INTEL\u00b7LECTUAL I INDUSTRIAL<\/strong><\/p>\n<p>Els continguts d'aquest lloc, incloent-hi els textos, imatges i dissenys gr\u00e0fics, pertanyen al TITULAR, o a tercers que han autoritzat el seu \u00fas. EL TITULAR presenta aquests continguts amb finalitats d'informaci\u00f3 i promoci\u00f3. EL TITULAR autoritza la seva utilitzaci\u00f3 exclusivament amb aquestes finalitats. Qualsevol utilitzaci\u00f3 d'aquests dissenys, imatges o textos haur\u00e0 de citar expressament la seva pertinen\u00e7a al TITULAR, qui es reserva el dret a iniciar les accions legals oportunes per a reparar els danys i perjudicis causats per qualsevol acte que vulneri els seus drets de propietat intel\u00b7lectual o industrial.<\/p>\n<p class=\"titol text-bold text-uppercase\"><strong>EXCLUSI\u00d3 DE RESPONSABILITAT<\/strong><\/p>\n<p>EL TITULAR actua amb la m\u00e0xima dilig\u00e8ncia possible perqu\u00e8 les dades i la informaci\u00f3 que ofereix en el seu lloc web estigui actualitzada en tom moment, si b\u00e9 no garanteix ni es fa responsable de l'exactitud i actualitzaci\u00f3 dels continguts del lloc web, reservant-se el dret a modificar aquests continguts en qualsevol moment. EL TITULAR tampoc ser\u00e0 responsable de la informaci\u00f3 que es pugui obtenir a trav\u00e9s d'enlla\u00e7os inclosos en el lloc web.<\/p>\n<p>Les relacions comercials amb els clients es regiran per les Condicions Generals que, si \u00e9s el cas, s'estableixin pel TITULAR en un document espec\u00edfic a aquest efecte, o pels pactes concrets que poguessin acordar-se amb els clients.<\/p>\n<p class=\"titol text-bold text-uppercase\"><strong>CONDICIONS D'\u00daS<\/strong><\/p>\n<p>L'\u00fas d'aquest lloc web implica l'acceptaci\u00f3 plena dels termes del present av\u00eds legal. Els possibles conflictes relatius a aquesta web es regiran exclusivament pel dret de l'Estat Espanyol. Tota persona usu\u00e0ria de la web, independentment de la jurisdicci\u00f3 territorial des de la qual es produeixi el seu acc\u00e9s, accepta el compliment i respecte d'aquestes cl\u00e0usules amb ren\u00fancia expressa a qualsevol altre jurisdicci\u00f3 que pogu\u00e9s correspondre-li.<\/p>\t\t\t\t\t\t\t\t<\/div>\n\t\t\t\t<\/div>\n\t\t\t\t\t<\/div>\n\t\t<\/div>\n\t\t\t\t\t<\/div>\n\t\t<\/section>\n\t\t\t\t<\/div>","protected":false},"excerpt":{"rendered":"<p>De conformidad con la Ley 34\/2002, de Servicios de la Sociedad de la Informaci\u00f3n y de Comercio Electr\u00f3nico, le informamos que esta web es titularidad de LATAM LOGISTIC SL, (en adelante \u201cEL TITULAR\u201d), con CIF: B25821778, con domicilio en Avinguda Josep Tarradellas 138 3r, 4a; tel\u00e9fono +34 659 45 39 77. PROPIEDAD INTELECTUAL E INDUSTRIAL&hellip;&nbsp;<a href=\"https:\/\/latamlogistics.es\/ca\/aviso-legal\/\" rel=\"bookmark\">Llegiu m\u00e9s &raquo;<span class=\"screen-reader-text\">AV\u00cdS LEGAL<\/span><\/a><\/p>","protected":false},"author":1,"featured_media":0,"parent":0,"menu_order":0,"comment_status":"closed","ping_status":"closed","template":"page-templates\/template-pagebuilder-full-width.php","meta":{"neve_meta_sidebar":"","neve_meta_container":"","neve_meta_enable_content_width":"off","neve_meta_content_width":100,"neve_meta_title_alignment":"","neve_meta_author_avatar":"","neve_post_elements_order":"","neve_meta_disable_header":"","neve_meta_disable_footer":"","neve_meta_disable_title":"","footnotes":""},"class_list":["post-651","page","type-page","status-publish","hentry"],"acf":[],"aioseo_notices":[],"_links":{"self":[{"href":"https:\/\/latamlogistics.es\/ca\/wp-json\/wp\/v2\/pages\/651","targetHints":{"allow":["GET"]}}],"collection":[{"href":"https:\/\/latamlogistics.es\/ca\/wp-json\/wp\/v2\/pages"}],"about":[{"href":"https:\/\/latamlogistics.es\/ca\/wp-json\/wp\/v2\/types\/page"}],"author":[{"embeddable":true,"href":"https:\/\/latamlogistics.es\/ca\/wp-json\/wp\/v2\/users\/1"}],"replies":[{"embeddable":true,"href":"https:\/\/latamlogistics.es\/ca\/wp-json\/wp\/v2\/comments?post=651"}],"version-history":[{"count":19,"href":"https:\/\/latamlogistics.es\/ca\/wp-json\/wp\/v2\/pages\/651\/revisions"}],"predecessor-version":[{"id":3428,"href":"https:\/\/latamlogistics.es\/ca\/wp-json\/wp\/v2\/pages\/651\/revisions\/3428"}],"wp:attachment":[{"href":"https:\/\/latamlogistics.es\/ca\/wp-json\/wp\/v2\/media?parent=651"}],"curies":[{"name":"wp","href":"https:\/\/api.w.org\/{rel}","templated":true}]}}