{"id":674,"date":"2023-08-16T14:53:16","date_gmt":"2023-08-16T14:53:16","guid":{"rendered":"https:\/\/latamdesarrollo.com\/?page_id=674"},"modified":"2026-03-18T09:48:02","modified_gmt":"2026-03-18T09:48:02","slug":"politica-de-proteccion-de-datos","status":"publish","type":"page","link":"https:\/\/latamlogistics.es\/ca\/politica-de-proteccion-de-datos\/","title":{"rendered":"POL\u00cdTICA DE PROTECCI\u00d3 DE DADES"},"content":{"rendered":"<div data-elementor-type=\"wp-page\" data-elementor-id=\"674\" class=\"elementor elementor-674\" data-elementor-post-type=\"page\">\n\t\t\t\t\t\t<section class=\"elementor-section elementor-top-section elementor-element elementor-element-4cc3eae0 elementor-section-boxed elementor-section-height-default elementor-section-height-default\" data-id=\"4cc3eae0\" data-element_type=\"section\">\n\t\t\t\t\t\t<div class=\"elementor-container elementor-column-gap-default\">\n\t\t\t\t\t<div class=\"elementor-column elementor-col-33 elementor-top-column elementor-element elementor-element-6efe1aed\" data-id=\"6efe1aed\" data-element_type=\"column\">\n\t\t\t<div class=\"elementor-widget-wrap elementor-element-populated\">\n\t\t\t\t\t\t<div class=\"elementor-element elementor-element-684b6d53 elementor-widget__width-initial elementor-widget-mobile__width-initial elementor-widget elementor-widget-theme-site-logo elementor-widget-image\" data-id=\"684b6d53\" data-element_type=\"widget\" data-widget_type=\"theme-site-logo.default\">\n\t\t\t\t<div class=\"elementor-widget-container\">\n\t\t\t\t\t\t\t\t\t\t\t<a href=\"https:\/\/latamlogistics.es\/ca\">\n\t\t\t<img decoding=\"async\" width=\"287\" height=\"113\" src=\"https:\/\/latamlogistics.es\/wp-content\/uploads\/2023\/08\/LATAMWEB.svg\" class=\"attachment-full size-full wp-image-848\" alt=\"\" \/>\t\t\t\t<\/a>\n\t\t\t\t\t\t\t\t\t\t\t<\/div>\n\t\t\t\t<\/div>\n\t\t\t\t\t<\/div>\n\t\t<\/div>\n\t\t\t\t<div class=\"elementor-column elementor-col-33 elementor-top-column elementor-element elementor-element-2e907b5f\" data-id=\"2e907b5f\" data-element_type=\"column\">\n\t\t\t<div class=\"elementor-widget-wrap elementor-element-populated\">\n\t\t\t\t\t\t<div class=\"elementor-element elementor-element-58484761 elementor-nav-menu__align-center elementor-nav-menu--dropdown-mobile elementor-widget__width-initial elementor-widget-mobile__width-initial elementor-nav-menu__text-align-aside elementor-nav-menu--toggle elementor-nav-menu--burger elementor-widget elementor-widget-nav-menu\" data-id=\"58484761\" data-element_type=\"widget\" data-settings=\"{&quot;layout&quot;:&quot;horizontal&quot;,&quot;submenu_icon&quot;:{&quot;value&quot;:&quot;&lt;i class=\\&quot;fas fa-caret-down\\&quot; aria-hidden=\\&quot;true\\&quot;&gt;&lt;\\\/i&gt;&quot;,&quot;library&quot;:&quot;fa-solid&quot;},&quot;toggle&quot;:&quot;burger&quot;}\" data-widget_type=\"nav-menu.default\">\n\t\t\t\t<div class=\"elementor-widget-container\">\n\t\t\t\t\t\t\t\t<nav aria-label=\"Menu\" class=\"elementor-nav-menu--main elementor-nav-menu__container elementor-nav-menu--layout-horizontal e--pointer-underline e--animation-fade\">\n\t\t\t\t<ul id=\"menu-1-58484761\" class=\"elementor-nav-menu\"><li class=\"menu-item menu-item-type-post_type menu-item-object-page menu-item-1996\"><a href=\"https:\/\/latamlogistics.es\/ca\/conocenos\/\" class=\"elementor-item\">SOBRE NOSALTRES<\/a><\/li>\n<li class=\"menu-item menu-item-type-post_type menu-item-object-page menu-item-3202\"><a href=\"https:\/\/latamlogistics.es\/ca\/terminal\/\" class=\"elementor-item\">TERMINAL<\/a><\/li>\n<li class=\"menu-item menu-item-type-post_type menu-item-object-page menu-item-3204\"><a href=\"https:\/\/latamlogistics.es\/ca\/campo-de-vuelo\/\" class=\"elementor-item\">CAMP DE VOL<\/a><\/li>\n<li class=\"menu-item menu-item-type-post_type menu-item-object-page menu-item-3203\"><a href=\"https:\/\/latamlogistics.es\/ca\/simulacion\/\" class=\"elementor-item\">SIMULACI\u00d3<\/a><\/li>\n<li class=\"menu-item menu-item-type-post_type menu-item-object-page menu-item-1998\"><a href=\"https:\/\/latamlogistics.es\/ca\/terrestre\/\" class=\"elementor-item\">TERRESTRE<\/a><\/li>\n<li class=\"menu-item menu-item-type-post_type menu-item-object-page menu-item-1999\"><a href=\"https:\/\/latamlogistics.es\/ca\/nuestros-proyectos\/\" class=\"elementor-item\">PROJECTES<\/a><\/li>\n<\/ul>\t\t\t<\/nav>\n\t\t\t\t\t<div class=\"elementor-menu-toggle\" role=\"button\" tabindex=\"0\" aria-label=\"Menu Toggle\" aria-expanded=\"false\">\n\t\t\t<i aria-hidden=\"true\" role=\"presentation\" class=\"elementor-menu-toggle__icon--open fas fa-plus\"><\/i><i aria-hidden=\"true\" role=\"presentation\" class=\"elementor-menu-toggle__icon--close eicon-close\"><\/i>\t\t<\/div>\n\t\t\t\t\t<nav class=\"elementor-nav-menu--dropdown elementor-nav-menu__container\" aria-hidden=\"true\">\n\t\t\t\t<ul id=\"menu-2-58484761\" class=\"elementor-nav-menu\"><li class=\"menu-item menu-item-type-post_type menu-item-object-page menu-item-1996\"><a href=\"https:\/\/latamlogistics.es\/ca\/conocenos\/\" class=\"elementor-item\" tabindex=\"-1\">SOBRE NOSALTRES<\/a><\/li>\n<li class=\"menu-item menu-item-type-post_type menu-item-object-page menu-item-3202\"><a href=\"https:\/\/latamlogistics.es\/ca\/terminal\/\" class=\"elementor-item\" tabindex=\"-1\">TERMINAL<\/a><\/li>\n<li class=\"menu-item menu-item-type-post_type menu-item-object-page menu-item-3204\"><a href=\"https:\/\/latamlogistics.es\/ca\/campo-de-vuelo\/\" class=\"elementor-item\" tabindex=\"-1\">CAMP DE VOL<\/a><\/li>\n<li class=\"menu-item menu-item-type-post_type menu-item-object-page menu-item-3203\"><a href=\"https:\/\/latamlogistics.es\/ca\/simulacion\/\" class=\"elementor-item\" tabindex=\"-1\">SIMULACI\u00d3<\/a><\/li>\n<li class=\"menu-item menu-item-type-post_type menu-item-object-page menu-item-1998\"><a href=\"https:\/\/latamlogistics.es\/ca\/terrestre\/\" class=\"elementor-item\" tabindex=\"-1\">TERRESTRE<\/a><\/li>\n<li class=\"menu-item menu-item-type-post_type menu-item-object-page menu-item-1999\"><a href=\"https:\/\/latamlogistics.es\/ca\/nuestros-proyectos\/\" class=\"elementor-item\" tabindex=\"-1\">PROJECTES<\/a><\/li>\n<\/ul>\t\t\t<\/nav>\n\t\t\t\t\t\t<\/div>\n\t\t\t\t<\/div>\n\t\t\t\t\t<\/div>\n\t\t<\/div>\n\t\t\t\t<div class=\"elementor-column elementor-col-33 elementor-top-column elementor-element elementor-element-232d12c7\" data-id=\"232d12c7\" data-element_type=\"column\">\n\t\t\t<div class=\"elementor-widget-wrap elementor-element-populated\">\n\t\t\t\t\t\t<div class=\"elementor-element elementor-element-371c966c elementor-widget__width-initial elementor-widget-mobile__width-initial elementor-nav-menu--dropdown-tablet elementor-nav-menu__text-align-aside elementor-nav-menu--toggle elementor-nav-menu--burger elementor-widget elementor-widget-nav-menu\" data-id=\"371c966c\" data-element_type=\"widget\" data-settings=\"{&quot;layout&quot;:&quot;horizontal&quot;,&quot;submenu_icon&quot;:{&quot;value&quot;:&quot;&lt;i class=\\&quot;fas fa-caret-down\\&quot; aria-hidden=\\&quot;true\\&quot;&gt;&lt;\\\/i&gt;&quot;,&quot;library&quot;:&quot;fa-solid&quot;},&quot;toggle&quot;:&quot;burger&quot;}\" data-widget_type=\"nav-menu.default\">\n\t\t\t\t<div class=\"elementor-widget-container\">\n\t\t\t\t\t\t\t\t<nav aria-label=\"Menu\" class=\"elementor-nav-menu--main elementor-nav-menu__container elementor-nav-menu--layout-horizontal e--pointer-underline e--animation-fade\">\n\t\t\t\t<ul id=\"menu-1-371c966c\" class=\"elementor-nav-menu\"><li class=\"menu-item menu-item-type-post_type menu-item-object-page menu-item-2002\"><a href=\"https:\/\/latamlogistics.es\/ca\/contacto\/\" class=\"elementor-item\">CONTACTA<\/a><\/li>\n<li class=\"trp-language-switcher-container trp-menu-ls-item trp-menu-ls-desktop current-language-menu-item menu-item menu-item-type-post_type menu-item-object-language_switcher menu-item-has-children menu-item-1363\"><a href=\"https:\/\/latamlogistics.es\/ca\/wp-json\/wp\/v2\/pages\/674\" class=\"elementor-item elementor-item-anchor\"><span class=\"trp-menu-ls-label\" data-no-translation title=\"CA\"><span class=\"trp-ls-language-name\">CA<\/span><\/span><\/a>\n<ul class=\"sub-menu elementor-nav-menu--dropdown\">\n\t<li class=\"trp-language-switcher-container trp-menu-ls-item trp-menu-ls-desktop menu-item menu-item-type-post_type menu-item-object-language_switcher current-language-menu-item menu-item-51\"><a href=\"https:\/\/latamlogistics.es\/ca\/wp-json\/wp\/v2\/pages\/674\" class=\"elementor-sub-item elementor-item-anchor\"><span class=\"trp-menu-ls-label\" data-no-translation title=\"ES\"><span class=\"trp-ls-language-name\">ES<\/span><\/span><\/a><\/li>\n\t<li class=\"trp-language-switcher-container trp-menu-ls-item trp-menu-ls-desktop menu-item menu-item-type-post_type menu-item-object-language_switcher current-language-menu-item menu-item-50\"><a href=\"https:\/\/latamlogistics.es\/ca\/wp-json\/wp\/v2\/pages\/674\" class=\"elementor-sub-item elementor-item-anchor\"><span class=\"trp-menu-ls-label\" data-no-translation title=\"EN\"><span class=\"trp-ls-language-name\">EN<\/span><\/span><\/a><\/li>\n<\/ul>\n<\/li>\n<\/ul>\t\t\t<\/nav>\n\t\t\t\t\t<div class=\"elementor-menu-toggle\" role=\"button\" tabindex=\"0\" aria-label=\"Menu Toggle\" aria-expanded=\"false\">\n\t\t\t<i aria-hidden=\"true\" role=\"presentation\" class=\"elementor-menu-toggle__icon--open eicon-menu-bar\"><\/i><i aria-hidden=\"true\" role=\"presentation\" class=\"elementor-menu-toggle__icon--close eicon-close\"><\/i>\t\t<\/div>\n\t\t\t\t\t<nav class=\"elementor-nav-menu--dropdown elementor-nav-menu__container\" aria-hidden=\"true\">\n\t\t\t\t<ul id=\"menu-2-371c966c\" class=\"elementor-nav-menu\"><li class=\"menu-item menu-item-type-post_type menu-item-object-page menu-item-2002\"><a href=\"https:\/\/latamlogistics.es\/ca\/contacto\/\" class=\"elementor-item\" tabindex=\"-1\">CONTACTA<\/a><\/li>\n<li class=\"trp-language-switcher-container trp-menu-ls-item trp-menu-ls-desktop current-language-menu-item menu-item menu-item-type-post_type menu-item-object-language_switcher menu-item-has-children menu-item-1363\"><a href=\"https:\/\/latamlogistics.es\/ca\/wp-json\/wp\/v2\/pages\/674\" class=\"elementor-item elementor-item-anchor\" tabindex=\"-1\"><span class=\"trp-menu-ls-label\" data-no-translation title=\"CA\"><span class=\"trp-ls-language-name\">CA<\/span><\/span><\/a>\n<ul class=\"sub-menu elementor-nav-menu--dropdown\">\n\t<li class=\"trp-language-switcher-container trp-menu-ls-item trp-menu-ls-desktop menu-item menu-item-type-post_type menu-item-object-language_switcher current-language-menu-item menu-item-51\"><a href=\"https:\/\/latamlogistics.es\/ca\/wp-json\/wp\/v2\/pages\/674\" class=\"elementor-sub-item elementor-item-anchor\" tabindex=\"-1\"><span class=\"trp-menu-ls-label\" data-no-translation title=\"ES\"><span class=\"trp-ls-language-name\">ES<\/span><\/span><\/a><\/li>\n\t<li class=\"trp-language-switcher-container trp-menu-ls-item trp-menu-ls-desktop menu-item menu-item-type-post_type menu-item-object-language_switcher current-language-menu-item menu-item-50\"><a href=\"https:\/\/latamlogistics.es\/ca\/wp-json\/wp\/v2\/pages\/674\" class=\"elementor-sub-item elementor-item-anchor\" tabindex=\"-1\"><span class=\"trp-menu-ls-label\" data-no-translation title=\"EN\"><span class=\"trp-ls-language-name\">EN<\/span><\/span><\/a><\/li>\n<\/ul>\n<\/li>\n<\/ul>\t\t\t<\/nav>\n\t\t\t\t\t\t<\/div>\n\t\t\t\t<\/div>\n\t\t\t\t\t<\/div>\n\t\t<\/div>\n\t\t\t\t\t<\/div>\n\t\t<\/section>\n\t\t\t\t<section class=\"elementor-section elementor-top-section elementor-element elementor-element-2b96710 elementor-section-full_width elementor-section-height-min-height elementor-section-height-default elementor-section-items-middle\" data-id=\"2b96710\" data-element_type=\"section\" data-settings=\"{&quot;background_background&quot;:&quot;classic&quot;}\">\n\t\t\t\t\t\t\t<div class=\"elementor-background-overlay\"><\/div>\n\t\t\t\t\t\t\t<div class=\"elementor-container elementor-column-gap-default\">\n\t\t\t\t\t<div class=\"elementor-column elementor-col-100 elementor-top-column elementor-element elementor-element-3412af6\" data-id=\"3412af6\" data-element_type=\"column\">\n\t\t\t<div class=\"elementor-widget-wrap elementor-element-populated\">\n\t\t\t\t\t\t<section class=\"elementor-section elementor-inner-section elementor-element elementor-element-e309619 elementor-section-boxed elementor-section-height-default elementor-section-height-default\" data-id=\"e309619\" data-element_type=\"section\">\n\t\t\t\t\t\t<div class=\"elementor-container elementor-column-gap-default\">\n\t\t\t\t\t<div class=\"elementor-column elementor-col-100 elementor-inner-column elementor-element elementor-element-98eddbc\" data-id=\"98eddbc\" data-element_type=\"column\">\n\t\t\t<div class=\"elementor-widget-wrap elementor-element-populated\">\n\t\t\t\t\t\t<div class=\"elementor-element elementor-element-b78cc8b elementor-widget elementor-widget-heading\" data-id=\"b78cc8b\" data-element_type=\"widget\" data-widget_type=\"heading.default\">\n\t\t\t\t<div class=\"elementor-widget-container\">\n\t\t\t\t\t<h1 class=\"elementor-heading-title elementor-size-default\">POL\u00cdTICA DE PROTECCI\u00d3 DE DADES<\/h1>\t\t\t\t<\/div>\n\t\t\t\t<\/div>\n\t\t\t\t\t<\/div>\n\t\t<\/div>\n\t\t\t\t\t<\/div>\n\t\t<\/section>\n\t\t\t\t\t<\/div>\n\t\t<\/div>\n\t\t\t\t\t<\/div>\n\t\t<\/section>\n\t\t\t\t<section class=\"elementor-section elementor-top-section elementor-element elementor-element-27f1721 elementor-section-boxed elementor-section-height-default elementor-section-height-default\" data-id=\"27f1721\" data-element_type=\"section\">\n\t\t\t\t\t\t<div class=\"elementor-container elementor-column-gap-default\">\n\t\t\t\t\t<div class=\"elementor-column elementor-col-100 elementor-top-column elementor-element elementor-element-4dac806\" data-id=\"4dac806\" data-element_type=\"column\">\n\t\t\t<div class=\"elementor-widget-wrap elementor-element-populated\">\n\t\t\t\t\t\t<div class=\"elementor-element elementor-element-620fc2c elementor-widget elementor-widget-text-editor\" data-id=\"620fc2c\" data-element_type=\"widget\" data-widget_type=\"text-editor.default\">\n\t\t\t\t<div class=\"elementor-widget-container\">\n\t\t\t\t\t\t\t\t\t<p>EL TITULAR es compromet a protegir la privacitat dels usuaris que accedeixin a aquesta web i\/o qualsevol dels seus serveis. La utilitzaci\u00f3 de la web i\/o de qualsevol dels serveis oferts pel TITULAR implica l'acceptaci\u00f3 per l'usuari de les disposicions contingudes en la present Pol\u00edtica de Privacitat i que les seves dades personals siguin tractats segons s'estipula en ella. Si us plau, tingui en compte que a pesar que pugui haver-hi enlla\u00e7os de la nostra web a altres webs o xarxes socials, aquesta Pol\u00edtica de Privacitat no s'aplica a les webs d'altres companyies o organitzacions a les quals la web estigui redirigida. EL TITULAR no controla el contingut de les webs de tercers, ni accepta qualsevol responsabilitat pel contingut o les pol\u00edtiques de privacitat d'aquestes webs.<\/p><p>\u00a0<\/p><p class=\"text-bold\"><strong>Informaci\u00f3 b\u00e0sica sobre el tractament de dades (Reglament (UE) 2016\/679 i LO 3\/2018)<\/strong><\/p><table><tbody><tr><td>Responsable del tractament<\/td><td>EL TITULAR.<br \/>Les nostres dades figuren en l'\u00a0<a href=\"https:\/\/latamdesarrollo.com\/aviso-legal\/\" target=\"blank\" rel=\"noopener\">av\u00eds legal<\/a>\u00a0d'aquesta web.<\/td><\/tr><tr><td>Finalitat del tractament<\/td><td>Oferir i gestionar els nostres productes i\/o serveis.<\/td><\/tr><tr><td>Legitimaci\u00f3<\/td><td>Consentiment obtingut de l'interessat.  Execuci\u00f3 del contracte de serveis.<\/td><\/tr><tr><td>Destinataris<\/td><td>Les dades no seran comunicades a tercers, tret que ho exigeixi una Llei o sigui necessari per a complir amb la finalitat del tractament.<\/td><\/tr><tr><td>Drets de les persones<\/td><td>Els interessats tenen dret a exercir els drets d'acc\u00e9s, rectificaci\u00f3, limitaci\u00f3 de tractament, supressi\u00f3, portabilitat i oposici\u00f3, enviant la seva sol\u00b7licitud a la nostra adre\u00e7a.<\/td><\/tr><tr><td>Termini de conservaci\u00f3 de les dades<\/td><td>Mentre es mantingui la relaci\u00f3 comercial o durant els anys necessaris per a complir amb les obligacions legals.<\/td><\/tr><tr><td>Reclamaci\u00f3<\/td><td>Els interessats poden dirigir-se a l'AEPD per a presentar la reclamaci\u00f3 que consideri oportuna.<\/td><\/tr><tr><td>Informaci\u00f3 addicional<\/td><td>Pot consultar la informaci\u00f3 addicional i detallada a continuaci\u00f3 en les \u201cPreguntes sobre privacitat\u201d.<\/td><\/tr><\/tbody><\/table><p>\u00a0<\/p><p class=\"titol text-bold text-uppercase\"><strong>Preguntes sobre privacitat<\/strong><\/p><p>En compliment del Reglament (UE) 2016\/679 del Parlament Europeu i del Consell, de 27 d'abril de 2016, (RGPD), i la Llei org\u00e0nica 3\/2018, de 5 de desembre, de Protecci\u00f3 de Dades Personals i garantia dels drets digitals (LOPDGDD li oferim la seg\u00fcent informaci\u00f3 sobre el tractament de les seves dades personals:<\/p><p>\u00a0<\/p><p class=\"text-bold\"><strong>Qui \u00e9s el responsable del tractament de les seves dades?<\/strong><\/p><p>EL TITULAR.<br \/>Les nostres dades figuren en l'\u00a0<a href=\"https:\/\/latamdesarrollo.com\/aviso-legal\/\" target=\"blank\" rel=\"noopener\">av\u00eds legal<\/a>\u00a0d'aquesta web.<\/p><p class=\"text-bold\">Amb quina finalitat tractem les seves dades personals?<\/p><div class=\"cont\"><ul><li>Tractem la informaci\u00f3 que se'ns facilita per a prestar i facturar els nostres serveis i productes.<\/li><\/ul><\/div><div class=\"cont\"><ul><li>Si ens dona el seu consentiment tamb\u00e9 podrem tractar les seves dades per a enviar-li informaci\u00f3 sobre les nostres activitats, serveis i productes.<\/li><\/ul><\/div><div class=\"cont\"><ul><li>Si participa en algun dels nostres sortejos i\/o concursos publicarem el seu nom i cognoms, i la seva imatge, en els diferents espais i mitjans de comunicaci\u00f3 i difusi\u00f3 que utilitzem, incloses les xarxes socials, amb la finalitat de promocionar les nostres activitats, serveis i productes.<\/li><\/ul><p>\u00a0<\/p><\/div><p class=\"text-bold\"><strong>Quant temps conservarem les seves dades?<\/strong><\/p><p>Les dades personals proporcionades es conservaran mentre sigui usuari dels nostres serveis o vulgui rebre informaci\u00f3, i si participa en una promoci\u00f3 mentre estigui activa, i despr\u00e9s, durant els terminis establerts per a complir amb les nostres obligacions legals.<\/p><p>\u00a0<\/p><p class=\"text-bold\"><strong>Quina \u00e9s la legitimaci\u00f3 per al tractament de les seves dades?<\/strong><\/p><p>La base legal per als tractaments de les seves dades s\u00f3n els consentiments que ens dona.<\/p><p>Respecte a la informaci\u00f3 que ens sigui enviada per menors de 16 anys, s'entendr\u00e0 que ho ha estat amb el consentiment dels seus representants legals. Si no \u00e9s aix\u00ed, el representant legal del menor ens l'ha de comunicar tan aviat com tingui coneixement.<\/p><p>\u00a0<\/p><p class=\"text-bold\"><strong>A quins destinataris es comunicaran les seves dades?<\/strong><\/p><p>Les dades no seran comunicades a tercers, tret que ho exigeixi una Llei o sigui necessari per a complir amb la finalitat del tractament.<\/p><p>\u00a0<\/p><p class=\"text-bold\"><strong>Quins s\u00f3n els seus drets quan ens facilita les seves dades?<\/strong><\/p><div class=\"cont\"><ul><li>Qualsevol persona t\u00e9 dret a obtenir confirmaci\u00f3 sobre si estem tractant o no les seves dades personals.<\/li><\/ul><\/div><div class=\"cont\"><ul><li>Els interessats tenen dret a accedir a les seves dades personals, aix\u00ed com a sol\u00b7licitar la rectificaci\u00f3 de les dades inexactes o, si \u00e9s el cas, sol\u00b7licitar la seva supressi\u00f3 quan, entre altres motius, les dades ja no siguin necessaris per a les finalitats per a les quals es van recollir.<\/li><\/ul><\/div><div class=\"cont\"><ul><li>En determinades circumst\u00e0ncies els interessats podran sol\u00b7licitar la limitaci\u00f3 del tractament de les seves dades, en aquest cas \u00fanicament els conservarem per a l'exercici o la defensa de reclamacions.<\/li><\/ul><\/div><div class=\"cont\"><ul><li>Tamb\u00e9, en determinades circumst\u00e0ncies i per motius relacionats amb la seva situaci\u00f3 particular, els interessats poden oposar-se al tractament de les seves dades.<\/li><\/ul><\/div><div class=\"cont\"><ul><li>Els interessats tamb\u00e9 tenen dret a la portabilitat de les seves dades.<\/li><\/ul><\/div><div class=\"cont\"><ul><li>Finalment, els interessats tenen dret a presentar una reclamaci\u00f3 davant l'Autoritat de Control competent.<\/li><\/ul><p>\u00a0<\/p><\/div><p class=\"text-bold\"><strong>Com pot exercir els seus drets?<\/strong><\/p><p>Enviant un escrit adjuntant una c\u00f2pia d'un document que l'identifiqui, a la nostra adre\u00e7a f\u00edsica o electr\u00f2nica.<\/p><p>\u00a0<\/p><p class=\"text-bold\"><strong>Com hem obtingut les seves dades?<\/strong><\/p><p>Les dades personals que tractem procedeixen del propi interessat. L'interessat garanteix que les dades personals facilitades s\u00f3n certes i es fa responsable de comunicar qualsevol modificaci\u00f3 d'aquests. Les dades que estiguin marcats amb un asterisc seran obligat\u00f2ries per a poder donar-li el servei sol\u00b7licitat.<\/p><p>\u00a0<\/p><p class=\"text-bold\"><strong>Quines dades tractem?<\/strong><\/p><p>Les categories de dades que podem tractar en la prestaci\u00f3 dels nostres serveis s\u00f3n:<\/p><div class=\"cont\"><ul><li>Dades de car\u00e0cter identificatiu<\/li><\/ul><\/div><div class=\"cont\"><ul><li>Direccions postals o electr\u00f2niques<\/li><\/ul><\/div><div class=\"cont\"><ul><li>Altres dades solicitades en els nostres formularis<\/li><\/ul><\/div><p><br>Les dades s\u00f3n limitades, at\u00e8s que \u00fanicament tractem les dades necess\u00e0ries per a la prestaci\u00f3 dels nostres serveis i la gesti\u00f3 de la nostra activitat.<\/p><p>\u00a0<\/p><p class=\"text-bold\"><strong>\u00das de cookies?<\/strong><\/p><p>Utilitzem cookies durant la navegaci\u00f3 en la nostra web amb el consentiment informat de l'usuari. L'usuari pot configurar el seu navegador per a ser avisat de la utilitzaci\u00f3 de cookies i per a evitar el seu \u00fas. Per a obtenir m\u00e9s informaci\u00f3 visiti nostra\u00a0<a href=\"https:\/\/latamdesarrollo.com\/politica-de-cookies\/\" target=\"blank\" rel=\"noopener\">pol\u00edtica de cookies<\/a>.<\/p><p>\u00a0<\/p><p class=\"text-bold\"><strong>Quines mesures de seguretat apliquem?<\/strong><\/p><p>Apliquem les mesures de seguretat establertes en l'article 32 del RGPD, per tant, hem adoptat les mesures de seguretat necess\u00e0ries per a garantir un nivell de seguretat adequat al risc del tractament de dades que realitzem, amb mecanismes que ens permeten garantir la confidencialitat, integritat, disponibilitat i resili\u00e8ncia permanent dels sistemes i serveis de tractament.<\/p><p>Algunes d'aquestes mesures son:<\/p><div class=\"cont\"><ul><li>Informaci\u00f3 de les pol\u00edtiques de tractament de dades al personal.<\/li><\/ul><\/div><div class=\"cont\"><ul><li>Realitzaci\u00f3 de c\u00f2pies de seguretat peri\u00f2diques.<\/li><\/ul><\/div><div class=\"cont\"><ul><li>Control d'acc\u00e9s a les dades.<\/li><\/ul><\/div><div class=\"cont\"><ul><li>Processos de verificaci\u00f3, avaluaci\u00f3 i valoraci\u00f3 regulars.<\/li><\/ul><\/div>\t\t\t\t\t\t\t\t<\/div>\n\t\t\t\t<\/div>\n\t\t\t\t\t<\/div>\n\t\t<\/div>\n\t\t\t\t\t<\/div>\n\t\t<\/section>\n\t\t\t\t<\/div>","protected":false},"excerpt":{"rendered":"<p>EL TITULAR se compromete a proteger la privacidad de los usuarios que accedan a esta web y\/o cualquiera de sus servicios. La utilizaci\u00f3n de la web y\/o de cualquiera de los servicios ofrecidos por EL TITULAR implica la aceptaci\u00f3n por el usuario de las disposiciones contenidas en la presente Pol\u00edtica de Privacidad y que sus&hellip;&nbsp;<a href=\"https:\/\/latamlogistics.es\/ca\/politica-de-proteccion-de-datos\/\" rel=\"bookmark\">Llegiu m\u00e9s &raquo;<span class=\"screen-reader-text\">POL\u00cdTICA DE PROTECCI\u00d3 DE DADES<\/span><\/a><\/p>","protected":false},"author":1,"featured_media":0,"parent":0,"menu_order":0,"comment_status":"closed","ping_status":"closed","template":"page-templates\/template-pagebuilder-full-width.php","meta":{"neve_meta_sidebar":"","neve_meta_container":"","neve_meta_enable_content_width":"off","neve_meta_content_width":100,"neve_meta_title_alignment":"","neve_meta_author_avatar":"","neve_post_elements_order":"","neve_meta_disable_header":"","neve_meta_disable_footer":"","neve_meta_disable_title":"","footnotes":""},"class_list":["post-674","page","type-page","status-publish","hentry"],"acf":[],"aioseo_notices":[],"_links":{"self":[{"href":"https:\/\/latamlogistics.es\/ca\/wp-json\/wp\/v2\/pages\/674","targetHints":{"allow":["GET"]}}],"collection":[{"href":"https:\/\/latamlogistics.es\/ca\/wp-json\/wp\/v2\/pages"}],"about":[{"href":"https:\/\/latamlogistics.es\/ca\/wp-json\/wp\/v2\/types\/page"}],"author":[{"embeddable":true,"href":"https:\/\/latamlogistics.es\/ca\/wp-json\/wp\/v2\/users\/1"}],"replies":[{"embeddable":true,"href":"https:\/\/latamlogistics.es\/ca\/wp-json\/wp\/v2\/comments?post=674"}],"version-history":[{"count":13,"href":"https:\/\/latamlogistics.es\/ca\/wp-json\/wp\/v2\/pages\/674\/revisions"}],"predecessor-version":[{"id":3411,"href":"https:\/\/latamlogistics.es\/ca\/wp-json\/wp\/v2\/pages\/674\/revisions\/3411"}],"wp:attachment":[{"href":"https:\/\/latamlogistics.es\/ca\/wp-json\/wp\/v2\/media?parent=674"}],"curies":[{"name":"wp","href":"https:\/\/api.w.org\/{rel}","templated":true}]}}