{"id":1260,"date":"2023-09-14T11:13:12","date_gmt":"2023-09-14T11:13:12","guid":{"rendered":"https:\/\/latamdesarrollo.com\/?page_id=1260"},"modified":"2023-10-26T08:58:43","modified_gmt":"2023-10-26T08:58:43","slug":"seguridad-aeroportuaria","status":"publish","type":"page","link":"https:\/\/latamlogistics.es\/en\/seguridad-aeroportuaria\/","title":{"rendered":"Airport Security"},"content":{"rendered":"<div data-elementor-type=\"wp-page\" data-elementor-id=\"1260\" class=\"elementor elementor-1260\" data-elementor-post-type=\"page\">\n\t\t\t\t\t\t<section class=\"elementor-section elementor-top-section elementor-element elementor-element-2ae70179 elementor-section-boxed elementor-section-height-default elementor-section-height-default\" data-id=\"2ae70179\" data-element_type=\"section\">\n\t\t\t\t\t\t<div class=\"elementor-container elementor-column-gap-default\">\n\t\t\t\t\t<div class=\"elementor-column elementor-col-50 elementor-top-column elementor-element elementor-element-62c9d2ab\" data-id=\"62c9d2ab\" data-element_type=\"column\">\n\t\t\t<div class=\"elementor-widget-wrap elementor-element-populated\">\n\t\t\t\t\t\t<div class=\"elementor-element elementor-element-430dc2e elementor-widget elementor-widget-text-editor\" data-id=\"430dc2e\" data-element_type=\"widget\" data-widget_type=\"text-editor.default\">\n\t\t\t\t<div class=\"elementor-widget-container\">\n\t\t\t\t\t\t\t\t\t<p style=\"text-align: justify;\">At LATAM Logistics, we take pride in being your trusted partner in the field of <strong>airport security<\/strong>. Our passion for logistics, transportation, and airports drives us to provide exceptional solutions to meet the needs of our clients in the aerospace sector.<\/p><p style=\"text-align: justify;\">At LATAM Logistics, our values are the fundamental pillars that define and guide each of our steps. Honesty is an unwavering principle in our relationship with clients; we firmly believe that transparency and integrity form the foundation of any strong collaboration. We deeply value the trust our clients place in us and understand that this trust is mutual.<\/p><p style=\"text-align: justify;\">Mutual trust is one of our guiding principles, essential for the success of our business relationships. We work tirelessly to earn our clients\u2019 trust and, more importantly, to maintain it over time. We believe that this trust is the cornerstone of lasting and fruitful business relationships.<\/p><p style=\"text-align: justify;\">Collaboration is the key that allows us to overcome challenges and achieve goals together. We are committed to working hand in hand with our clients, partners, and collaborators. We understand that together we are stronger and that effective collaboration is essential to finding innovative solutions and addressing the complex challenges that arise in the world of logistics and <strong>airport security<\/strong>.<\/p><p style=\"text-align: justify;\">At LATAM Logistics, our mission is clear and can be summarized in two fundamental pillars. First and foremost, we have a deep passion for what we do, and our goal is to share that passion with our clients. <strong>airport security<\/strong>, in particular, fills us with excitement and motivates us to approach this challenge with enthusiasm and dedication every day.<\/p><p style=\"text-align: justify;\">Secondly, we value clients who share our belief in continuous improvement. We are committed to learning and growing alongside them, facing new challenges with determination and seizing the opportunities that arise on our path to excellence in <strong>airport security<\/strong>.<\/p><p style=\"text-align: justify;\">Our commitment to airport security is unwavering. As leaders in the field, we offer cutting-edge solutions that ensure the protection of airports and the peace of mind of our clients.<\/p><p style=\"text-align: justify;\">We understand the importance of security in the airport sector and are prepared to tackle any challenge that arises. Our services include specialized consulting, process improvement implementation, scenario simulation, and system automation.<\/p><p style=\"text-align: justify;\">At LATAM Logistics, we are more than a logistics company; we are your trusted partner in airport security. Let\u2019s work together to reach new heights and secure a brighter future in the airport industry. Contact us today to embark on this exciting journey toward excellence in airport security.<\/p>\t\t\t\t\t\t\t\t<\/div>\n\t\t\t\t<\/div>\n\t\t\t\t<div class=\"elementor-element elementor-element-f193dbf elementor-widget elementor-widget-image\" data-id=\"f193dbf\" data-element_type=\"widget\" data-widget_type=\"image.default\">\n\t\t\t\t<div class=\"elementor-widget-container\">\n\t\t\t\t\t\t\t\t\t\t\t\t\t\t\t<img fetchpriority=\"high\" decoding=\"async\" width=\"1024\" height=\"576\" src=\"https:\/\/latamlogistics.es\/wp-content\/uploads\/2023\/09\/TRANSPORTE-TERRESTRE-1024x576.jpg\" class=\"attachment-large size-large wp-image-1038\" alt=\"\" srcset=\"https:\/\/latamlogistics.es\/wp-content\/uploads\/2023\/09\/TRANSPORTE-TERRESTRE-1024x576.jpg 1024w, https:\/\/latamlogistics.es\/wp-content\/uploads\/2023\/09\/TRANSPORTE-TERRESTRE-300x169.jpg 300w, https:\/\/latamlogistics.es\/wp-content\/uploads\/2023\/09\/TRANSPORTE-TERRESTRE-768x432.jpg 768w, https:\/\/latamlogistics.es\/wp-content\/uploads\/2023\/09\/TRANSPORTE-TERRESTRE-1536x864.jpg 1536w, https:\/\/latamlogistics.es\/wp-content\/uploads\/2023\/09\/TRANSPORTE-TERRESTRE-18x10.jpg 18w, https:\/\/latamlogistics.es\/wp-content\/uploads\/2023\/09\/TRANSPORTE-TERRESTRE-24x14.jpg 24w, https:\/\/latamlogistics.es\/wp-content\/uploads\/2023\/09\/TRANSPORTE-TERRESTRE-36x20.jpg 36w, https:\/\/latamlogistics.es\/wp-content\/uploads\/2023\/09\/TRANSPORTE-TERRESTRE-48x27.jpg 48w, https:\/\/latamlogistics.es\/wp-content\/uploads\/2023\/09\/TRANSPORTE-TERRESTRE.jpg 1920w\" sizes=\"(max-width: 1024px) 100vw, 1024px\" \/>\t\t\t\t\t\t\t\t\t\t\t\t\t\t\t<\/div>\n\t\t\t\t<\/div>\n\t\t\t\t\t<\/div>\n\t\t<\/div>\n\t\t\t\t<div class=\"elementor-column elementor-col-50 elementor-top-column elementor-element elementor-element-7d2cd0ac\" data-id=\"7d2cd0ac\" data-element_type=\"column\" data-settings=\"{&quot;background_background&quot;:&quot;classic&quot;}\">\n\t\t\t<div class=\"elementor-widget-wrap elementor-element-populated\">\n\t\t\t\t\t\t<div class=\"elementor-element elementor-element-feb41a7 elementor-widget elementor-widget-heading\" data-id=\"feb41a7\" data-element_type=\"widget\" data-widget_type=\"heading.default\">\n\t\t\t\t<div class=\"elementor-widget-container\">\n\t\t\t\t\t<h3 class=\"elementor-heading-title elementor-size-default\">Shall we talk?<\/h3>\t\t\t\t<\/div>\n\t\t\t\t<\/div>\n\t\t\t\t<div class=\"elementor-element elementor-element-555fe81 elementor-widget-divider--view-line elementor-widget elementor-widget-divider\" data-id=\"555fe81\" data-element_type=\"widget\" data-widget_type=\"divider.default\">\n\t\t\t\t<div class=\"elementor-widget-container\">\n\t\t\t\t\t\t\t<div class=\"elementor-divider\">\n\t\t\t<span class=\"elementor-divider-separator\">\n\t\t\t\t\t\t<\/span>\n\t\t<\/div>\n\t\t\t\t\t\t<\/div>\n\t\t\t\t<\/div>\n\t\t\t\t<div class=\"elementor-element elementor-element-31933983 elementor-button-align-start elementor-widget elementor-widget-form\" data-id=\"31933983\" data-element_type=\"widget\" data-settings=\"{&quot;step_next_label&quot;:&quot;Next&quot;,&quot;step_previous_label&quot;:&quot;Previous&quot;,&quot;button_width&quot;:&quot;100&quot;,&quot;step_type&quot;:&quot;number_text&quot;,&quot;step_icon_shape&quot;:&quot;circle&quot;}\" data-widget_type=\"form.default\">\n\t\t\t\t<div class=\"elementor-widget-container\">\n\t\t\t\t\t\t\t<form class=\"elementor-form\" method=\"post\" name=\"New Form\" aria-label=\"New Form\" action=\"\">\n\t\t\t<input type=\"hidden\" name=\"post_id\" value=\"1260\"\/>\n\t\t\t<input type=\"hidden\" name=\"form_id\" value=\"31933983\"\/>\n\t\t\t<input type=\"hidden\" name=\"referer_title\" value=\"Seguridad Aeroportuaria - LATAM LOGISTICS | LA REVOLUCI\u00d3N del Transporte\" \/>\n\n\t\t\t\t\t\t\t<input type=\"hidden\" name=\"queried_id\" value=\"1260\"\/>\n\t\t\t\n\t\t\t<div class=\"elementor-form-fields-wrapper elementor-labels-above\">\n\t\t\t\t\t\t\t\t<div class=\"elementor-field-type-text elementor-field-group elementor-column elementor-field-group-name elementor-col-50\">\n\t\t\t\t\t\t\t\t\t\t\t\t\t<input size=\"1\" type=\"text\" name=\"form_fields[name]\" id=\"form-field-name\" class=\"elementor-field elementor-size-sm  elementor-field-textual\" placeholder=\"Name\">\n\t\t\t\t\t\t\t\t\t\t\t<\/div>\n\t\t\t\t\t\t\t\t<div class=\"elementor-field-type-text elementor-field-group elementor-column elementor-field-group-field_1c7f7fa elementor-col-50 elementor-field-required\">\n\t\t\t\t\t\t\t\t\t\t\t\t\t<input size=\"1\" type=\"text\" name=\"form_fields[field_1c7f7fa]\" id=\"form-field-field_1c7f7fa\" class=\"elementor-field elementor-size-sm  elementor-field-textual\" placeholder=\"Surnames\" required=\"required\">\n\t\t\t\t\t\t\t\t\t\t\t<\/div>\n\t\t\t\t\t\t\t\t<div class=\"elementor-field-type-email elementor-field-group elementor-column elementor-field-group-email elementor-col-50 elementor-field-required\">\n\t\t\t\t\t\t\t\t\t\t\t\t\t<input size=\"1\" type=\"email\" name=\"form_fields[email]\" id=\"form-field-email\" class=\"elementor-field elementor-size-sm  elementor-field-textual\" placeholder=\"Email\" required=\"required\">\n\t\t\t\t\t\t\t\t\t\t\t<\/div>\n\t\t\t\t\t\t\t\t<div class=\"elementor-field-type-tel elementor-field-group elementor-column elementor-field-group-field_a5f58a2 elementor-col-50 elementor-field-required\">\n\t\t\t\t\t\t\t<input size=\"1\" type=\"tel\" name=\"form_fields[field_a5f58a2]\" id=\"form-field-field_a5f58a2\" class=\"elementor-field elementor-size-sm  elementor-field-textual\" placeholder=\"Phone\" required=\"required\" pattern=\"[0-9()#&amp;+*-=.]+\" title=\"Only numbers and phone characters (#, -, *, etc.) are accepted.\" data-no-translation-title=\"\">\n\n\t\t\t\t\t\t<\/div>\n\t\t\t\t\t\t\t\t<div class=\"elementor-field-type-text elementor-field-group elementor-column elementor-field-group-field_bb76980 elementor-col-100 elementor-field-required\">\n\t\t\t\t\t\t\t\t\t\t\t\t\t<input size=\"1\" type=\"text\" name=\"form_fields[field_bb76980]\" id=\"form-field-field_bb76980\" class=\"elementor-field elementor-size-sm  elementor-field-textual\" placeholder=\"Subject\" required=\"required\">\n\t\t\t\t\t\t\t\t\t\t\t<\/div>\n\t\t\t\t\t\t\t\t<div class=\"elementor-field-type-textarea elementor-field-group elementor-column elementor-field-group-message elementor-col-100 elementor-field-required\">\n\t\t\t\t\t<textarea class=\"elementor-field-textual elementor-field  elementor-size-sm\" name=\"form_fields[message]\" id=\"form-field-message\" rows=\"4\" placeholder=\"Message\" required=\"required\"><\/textarea>\t\t\t\t<\/div>\n\t\t\t\t\t\t\t\t<div class=\"elementor-field-type-acceptance elementor-field-group elementor-column elementor-field-group-field_b965894 elementor-col-100 elementor-field-required\">\n\t\t\t\t\t\t\t<div class=\"elementor-field-subgroup\">\n\t\t\t<span class=\"elementor-field-option\">\n\t\t\t\t<input type=\"checkbox\" name=\"form_fields[field_b965894]\" id=\"form-field-field_b965894\" class=\"elementor-field elementor-size-sm  elementor-acceptance-field\" required=\"required\">\n\t\t\t\t<label for=\"form-field-field_b965894\">I have read and accept the <a href=\"https:\/\/latamdesarrollo.com\/politica-de-proteccion-de-datos\">privacy policy.<\/a><\/label>\t\t\t<\/span>\n\t\t<\/div>\n\t\t\t\t\t\t<\/div>\n\t\t\t\t\t\t\t\t<div class=\"elementor-field-type-text\">\n\t\t\t\t\t<input size=\"1\" type=\"text\" name=\"form_fields[field_2c1608e]\" id=\"form-field-field_2c1608e\" class=\"elementor-field elementor-size-sm\" style=\"display:none !important;\">\t\t\t\t<\/div>\n\t\t\t\t\t\t\t\t<div class=\"elementor-field-group elementor-column elementor-field-type-submit elementor-col-100 e-form__buttons\">\n\t\t\t\t\t<button class=\"elementor-button elementor-size-sm\" type=\"submit\">\n\t\t\t\t\t\t<span class=\"elementor-button-content-wrapper\">\n\t\t\t\t\t\t\t\t\t\t\t\t\t\t\t\t\t\t\t\t\t\t<span class=\"elementor-button-text\">Send message<\/span>\n\t\t\t\t\t\t\t\t\t\t\t\t\t<\/span>\n\t\t\t\t\t<\/button>\n\t\t\t\t<\/div>\n\t\t\t<\/div>\n\t\t<input type=\"hidden\" name=\"trp-form-language\" value=\"en\"\/><\/form>\n\t\t\t\t\t\t<\/div>\n\t\t\t\t<\/div>\n\t\t\t\t\t<\/div>\n\t\t<\/div>\n\t\t\t\t\t<\/div>\n\t\t<\/section>\n\t\t\t\t<section class=\"elementor-section elementor-top-section elementor-element elementor-element-570878c elementor-section-full_width elementor-section-height-default elementor-section-height-default\" data-id=\"570878c\" data-element_type=\"section\">\n\t\t\t\t\t\t<div class=\"elementor-container elementor-column-gap-default\">\n\t\t\t\t\t<div class=\"elementor-column elementor-col-100 elementor-top-column elementor-element elementor-element-51f92f2\" data-id=\"51f92f2\" data-element_type=\"column\">\n\t\t\t<div class=\"elementor-widget-wrap elementor-element-populated\">\n\t\t\t\t\t\t<section class=\"elementor-section elementor-inner-section elementor-element elementor-element-b5ef9d6 elementor-section-full_width elementor-section-height-default elementor-section-height-default\" data-id=\"b5ef9d6\" data-element_type=\"section\">\n\t\t\t\t\t\t<div class=\"elementor-container elementor-column-gap-default\">\n\t\t\t\t\t<div class=\"elementor-column elementor-col-33 elementor-inner-column elementor-element elementor-element-bc7562b\" data-id=\"bc7562b\" data-element_type=\"column\">\n\t\t\t<div class=\"elementor-widget-wrap elementor-element-populated\">\n\t\t\t\t\t\t<div class=\"elementor-element elementor-element-b30a317 elementor-widget elementor-widget-heading\" data-id=\"b30a317\" data-element_type=\"widget\" data-widget_type=\"heading.default\">\n\t\t\t\t<div class=\"elementor-widget-container\">\n\t\t\t\t\t<p class=\"elementor-heading-title elementor-size-default\">Copyright LATAM LOGISTICS SL\u00a9 2023<\/p>\t\t\t\t<\/div>\n\t\t\t\t<\/div>\n\t\t\t\t\t<\/div>\n\t\t<\/div>\n\t\t\t\t<div class=\"elementor-column elementor-col-33 elementor-inner-column elementor-element elementor-element-ad01ef4\" data-id=\"ad01ef4\" data-element_type=\"column\">\n\t\t\t<div class=\"elementor-widget-wrap elementor-element-populated\">\n\t\t\t\t\t\t<div class=\"elementor-element elementor-element-22989a7 elementor-icon-list--layout-inline elementor-align-center elementor-hidden-tablet elementor-hidden-mobile elementor-list-item-link-full_width elementor-widget elementor-widget-icon-list\" data-id=\"22989a7\" data-element_type=\"widget\" data-widget_type=\"icon-list.default\">\n\t\t\t\t<div class=\"elementor-widget-container\">\n\t\t\t\t\t\t\t<ul class=\"elementor-icon-list-items elementor-inline-items\">\n\t\t\t\t\t\t\t<li class=\"elementor-icon-list-item elementor-inline-item\">\n\t\t\t\t\t\t\t\t\t\t\t<a href=\"https:\/\/latamdesarrollo.com\/aviso-legal\">\n\n\t\t\t\t\t\t\t\t\t\t\t<span class=\"elementor-icon-list-text\">Legal notice<\/span>\n\t\t\t\t\t\t\t\t\t\t\t<\/a>\n\t\t\t\t\t\t\t\t\t<\/li>\n\t\t\t\t\t\t\t\t<li class=\"elementor-icon-list-item elementor-inline-item\">\n\t\t\t\t\t\t\t\t\t\t\t<a href=\"https:\/\/latamdesarrollo.com\/politica-de-cookies\">\n\n\t\t\t\t\t\t\t\t\t\t\t<span class=\"elementor-icon-list-text\">Cookie policy<\/span>\n\t\t\t\t\t\t\t\t\t\t\t<\/a>\n\t\t\t\t\t\t\t\t\t<\/li>\n\t\t\t\t\t\t\t\t<li class=\"elementor-icon-list-item elementor-inline-item\">\n\t\t\t\t\t\t\t\t\t\t\t<a href=\"https:\/\/latamdesarrollo.com\/politica-de-proteccion-de-datos\">\n\n\t\t\t\t\t\t\t\t\t\t\t<span class=\"elementor-icon-list-text\">Data protection policy<\/span>\n\t\t\t\t\t\t\t\t\t\t\t<\/a>\n\t\t\t\t\t\t\t\t\t<\/li>\n\t\t\t\t\t\t\t\t<li class=\"elementor-icon-list-item elementor-inline-item\">\n\t\t\t\t\t\t\t\t\t\t\t<a href=\"https:\/\/latamdesarrollo.com\/condiciones-generales\">\n\n\t\t\t\t\t\t\t\t\t\t\t<span class=\"elementor-icon-list-text\">General conditions<\/span>\n\t\t\t\t\t\t\t\t\t\t\t<\/a>\n\t\t\t\t\t\t\t\t\t<\/li>\n\t\t\t\t\t\t\t\t<li class=\"elementor-icon-list-item elementor-inline-item\">\n\t\t\t\t\t\t\t\t\t\t\t<a href=\"https:\/\/latamdesarrollo.com\/declaracion-de-accesibilidad\">\n\n\t\t\t\t\t\t\t\t\t\t\t<span class=\"elementor-icon-list-text\">Accessibility statement<\/span>\n\t\t\t\t\t\t\t\t\t\t\t<\/a>\n\t\t\t\t\t\t\t\t\t<\/li>\n\t\t\t\t\t\t\t\t<li class=\"elementor-icon-list-item elementor-inline-item\">\n\t\t\t\t\t\t\t\t\t\t\t<a href=\"https:\/\/latamdesarrollo.com\/mapa-del-sitio\">\n\n\t\t\t\t\t\t\t\t\t\t\t<span class=\"elementor-icon-list-text\">Site map<\/span>\n\t\t\t\t\t\t\t\t\t\t\t<\/a>\n\t\t\t\t\t\t\t\t\t<\/li>\n\t\t\t\t\t\t<\/ul>\n\t\t\t\t\t\t<\/div>\n\t\t\t\t<\/div>\n\t\t\t\t<div class=\"elementor-element elementor-element-527eafb elementor-align-center elementor-hidden-desktop elementor-icon-list--layout-traditional elementor-list-item-link-full_width elementor-widget elementor-widget-icon-list\" data-id=\"527eafb\" data-element_type=\"widget\" data-widget_type=\"icon-list.default\">\n\t\t\t\t<div class=\"elementor-widget-container\">\n\t\t\t\t\t\t\t<ul class=\"elementor-icon-list-items\">\n\t\t\t\t\t\t\t<li class=\"elementor-icon-list-item\">\n\t\t\t\t\t\t\t\t\t\t\t<a href=\"https:\/\/latamdesarrollo.com\/aviso-legal\">\n\n\t\t\t\t\t\t\t\t\t\t\t<span class=\"elementor-icon-list-text\">Legal notice<\/span>\n\t\t\t\t\t\t\t\t\t\t\t<\/a>\n\t\t\t\t\t\t\t\t\t<\/li>\n\t\t\t\t\t\t\t\t<li class=\"elementor-icon-list-item\">\n\t\t\t\t\t\t\t\t\t\t\t<a href=\"https:\/\/latamdesarrollo.com\/politica-de-cookies\">\n\n\t\t\t\t\t\t\t\t\t\t\t<span class=\"elementor-icon-list-text\">Cookie policy<\/span>\n\t\t\t\t\t\t\t\t\t\t\t<\/a>\n\t\t\t\t\t\t\t\t\t<\/li>\n\t\t\t\t\t\t\t\t<li class=\"elementor-icon-list-item\">\n\t\t\t\t\t\t\t\t\t\t\t<a href=\"https:\/\/latamdesarrollo.com\/politica-de-proteccion-de-datos\">\n\n\t\t\t\t\t\t\t\t\t\t\t<span class=\"elementor-icon-list-text\">Data protection policy<\/span>\n\t\t\t\t\t\t\t\t\t\t\t<\/a>\n\t\t\t\t\t\t\t\t\t<\/li>\n\t\t\t\t\t\t\t\t<li class=\"elementor-icon-list-item\">\n\t\t\t\t\t\t\t\t\t\t\t<a href=\"https:\/\/latamdesarrollo.com\/condiciones-generales\">\n\n\t\t\t\t\t\t\t\t\t\t\t<span class=\"elementor-icon-list-text\">General conditions<\/span>\n\t\t\t\t\t\t\t\t\t\t\t<\/a>\n\t\t\t\t\t\t\t\t\t<\/li>\n\t\t\t\t\t\t\t\t<li class=\"elementor-icon-list-item\">\n\t\t\t\t\t\t\t\t\t\t\t<a href=\"https:\/\/latamdesarrollo.com\/declaracion-de-accesibilidad\">\n\n\t\t\t\t\t\t\t\t\t\t\t<span class=\"elementor-icon-list-text\">Accessibility statement<\/span>\n\t\t\t\t\t\t\t\t\t\t\t<\/a>\n\t\t\t\t\t\t\t\t\t<\/li>\n\t\t\t\t\t\t\t\t<li class=\"elementor-icon-list-item\">\n\t\t\t\t\t\t\t\t\t\t\t<a href=\"https:\/\/latamdesarrollo.com\/mapa-del-sitio\">\n\n\t\t\t\t\t\t\t\t\t\t\t<span class=\"elementor-icon-list-text\">Site map<\/span>\n\t\t\t\t\t\t\t\t\t\t\t<\/a>\n\t\t\t\t\t\t\t\t\t<\/li>\n\t\t\t\t\t\t<\/ul>\n\t\t\t\t\t\t<\/div>\n\t\t\t\t<\/div>\n\t\t\t\t\t<\/div>\n\t\t<\/div>\n\t\t\t\t<div class=\"elementor-column elementor-col-33 elementor-inner-column elementor-element elementor-element-e5c4a72\" data-id=\"e5c4a72\" data-element_type=\"column\">\n\t\t\t<div class=\"elementor-widget-wrap elementor-element-populated\">\n\t\t\t\t\t\t<div class=\"elementor-element elementor-element-2327ed2 elementor-shape-rounded elementor-grid-0 e-grid-align-center elementor-widget elementor-widget-social-icons\" data-id=\"2327ed2\" data-element_type=\"widget\" data-widget_type=\"social-icons.default\">\n\t\t\t\t<div class=\"elementor-widget-container\">\n\t\t\t\t\t\t\t<div class=\"elementor-social-icons-wrapper elementor-grid\">\n\t\t\t\t\t\t\t<span class=\"elementor-grid-item\">\n\t\t\t\t\t<a class=\"elementor-icon elementor-social-icon elementor-social-icon-linkedin-in elementor-repeater-item-00f59c0\" href=\"https:\/\/www.linkedin.com\/company\/latam-logistics\/?originalSubdomain=es\" target=\"_blank\">\n\t\t\t\t\t\t<span class=\"elementor-screen-only\">Linkedin-in<\/span>\n\t\t\t\t\t\t<i aria-hidden=\"true\" class=\"fab fa-linkedin-in\"><\/i>\t\t\t\t\t<\/a>\n\t\t\t\t<\/span>\n\t\t\t\t\t<\/div>\n\t\t\t\t\t\t<\/div>\n\t\t\t\t<\/div>\n\t\t\t\t\t<\/div>\n\t\t<\/div>\n\t\t\t\t\t<\/div>\n\t\t<\/section>\n\t\t\t\t\t<\/div>\n\t\t<\/div>\n\t\t\t\t\t<\/div>\n\t\t<\/section>\n\t\t\t\t<section class=\"elementor-section elementor-top-section elementor-element elementor-element-dd41eae elementor-section-boxed elementor-section-height-default elementor-section-height-default\" data-id=\"dd41eae\" data-element_type=\"section\">\n\t\t\t\t\t\t<div class=\"elementor-container elementor-column-gap-default\">\n\t\t\t\t\t<div class=\"elementor-column elementor-col-100 elementor-top-column elementor-element elementor-element-62ee41d\" data-id=\"62ee41d\" data-element_type=\"column\">\n\t\t\t<div class=\"elementor-widget-wrap elementor-element-populated\">\n\t\t\t\t\t\t<div class=\"elementor-element elementor-element-d106e8d elementor-widget elementor-widget-image\" data-id=\"d106e8d\" data-element_type=\"widget\" data-widget_type=\"image.default\">\n\t\t\t\t<div class=\"elementor-widget-container\">\n\t\t\t\t\t\t\t\t\t\t\t\t\t\t\t<img decoding=\"async\" width=\"2048\" height=\"238\" src=\"https:\/\/latamlogistics.es\/wp-content\/uploads\/2023\/08\/Logo-digitalizadores-2048x238-1-1.png\" class=\"attachment-full size-full wp-image-121\" alt=\"\" srcset=\"https:\/\/latamlogistics.es\/wp-content\/uploads\/2023\/08\/Logo-digitalizadores-2048x238-1-1.png 2048w, https:\/\/latamlogistics.es\/wp-content\/uploads\/2023\/08\/Logo-digitalizadores-2048x238-1-1-300x35.png 300w, https:\/\/latamlogistics.es\/wp-content\/uploads\/2023\/08\/Logo-digitalizadores-2048x238-1-1-1024x119.png 1024w, https:\/\/latamlogistics.es\/wp-content\/uploads\/2023\/08\/Logo-digitalizadores-2048x238-1-1-768x89.png 768w, https:\/\/latamlogistics.es\/wp-content\/uploads\/2023\/08\/Logo-digitalizadores-2048x238-1-1-1536x179.png 1536w, https:\/\/latamlogistics.es\/wp-content\/uploads\/2023\/08\/Logo-digitalizadores-2048x238-1-1-18x2.png 18w, https:\/\/latamlogistics.es\/wp-content\/uploads\/2023\/08\/Logo-digitalizadores-2048x238-1-1-24x3.png 24w, https:\/\/latamlogistics.es\/wp-content\/uploads\/2023\/08\/Logo-digitalizadores-2048x238-1-1-36x4.png 36w, https:\/\/latamlogistics.es\/wp-content\/uploads\/2023\/08\/Logo-digitalizadores-2048x238-1-1-48x6.png 48w\" sizes=\"(max-width: 2048px) 100vw, 2048px\" \/>\t\t\t\t\t\t\t\t\t\t\t\t\t\t\t<\/div>\n\t\t\t\t<\/div>\n\t\t\t\t\t<\/div>\n\t\t<\/div>\n\t\t\t\t\t<\/div>\n\t\t<\/section>\n\t\t\t\t<\/div>","protected":false},"excerpt":{"rendered":"<p>En LATAM Logistics, nos enorgullece ser su socio de confianza en el \u00e1mbito de la seguridad aeroportuaria. Nuestra pasi\u00f3n por la log\u00edstica, el transporte y los aeropuertos nos impulsa a brindar soluciones excepcionales para satisfacer las necesidades de nuestros clientes en el sector aeron\u00e1utico. En LATAM Logistics, nuestros valores son el pilar fundamental que define&hellip;&nbsp;<a href=\"https:\/\/latamlogistics.es\/en\/seguridad-aeroportuaria\/\" rel=\"bookmark\">Read More &raquo;<span class=\"screen-reader-text\">Airport Security<\/span><\/a><\/p>","protected":false},"author":2,"featured_media":0,"parent":0,"menu_order":0,"comment_status":"closed","ping_status":"closed","template":"page-templates\/template-pagebuilder-full-width.php","meta":{"neve_meta_sidebar":"","neve_meta_container":"","neve_meta_enable_content_width":"off","neve_meta_content_width":100,"neve_meta_title_alignment":"","neve_meta_author_avatar":"","neve_post_elements_order":"","neve_meta_disable_header":"","neve_meta_disable_footer":"on","neve_meta_disable_title":"","footnotes":""},"class_list":["post-1260","page","type-page","status-publish","hentry"],"acf":[],"aioseo_notices":[],"_links":{"self":[{"href":"https:\/\/latamlogistics.es\/en\/wp-json\/wp\/v2\/pages\/1260","targetHints":{"allow":["GET"]}}],"collection":[{"href":"https:\/\/latamlogistics.es\/en\/wp-json\/wp\/v2\/pages"}],"about":[{"href":"https:\/\/latamlogistics.es\/en\/wp-json\/wp\/v2\/types\/page"}],"author":[{"embeddable":true,"href":"https:\/\/latamlogistics.es\/en\/wp-json\/wp\/v2\/users\/2"}],"replies":[{"embeddable":true,"href":"https:\/\/latamlogistics.es\/en\/wp-json\/wp\/v2\/comments?post=1260"}],"version-history":[{"count":7,"href":"https:\/\/latamlogistics.es\/en\/wp-json\/wp\/v2\/pages\/1260\/revisions"}],"predecessor-version":[{"id":1990,"href":"https:\/\/latamlogistics.es\/en\/wp-json\/wp\/v2\/pages\/1260\/revisions\/1990"}],"wp:attachment":[{"href":"https:\/\/latamlogistics.es\/en\/wp-json\/wp\/v2\/media?parent=1260"}],"curies":[{"name":"wp","href":"https:\/\/api.w.org\/{rel}","templated":true}]}}