{"id":693,"date":"2023-08-16T14:56:51","date_gmt":"2023-08-16T14:56:51","guid":{"rendered":"https:\/\/latamdesarrollo.com\/?page_id=693"},"modified":"2023-10-25T10:46:49","modified_gmt":"2023-10-25T10:46:49","slug":"declaracion-de-accesibilidad","status":"publish","type":"page","link":"https:\/\/latamlogistics.es\/en\/declaracion-de-accesibilidad\/","title":{"rendered":"Accessibility statement"},"content":{"rendered":"<div data-elementor-type=\"wp-page\" data-elementor-id=\"693\" class=\"elementor elementor-693\" data-elementor-post-type=\"page\">\n\t\t\t\t\t\t<section class=\"elementor-section elementor-top-section elementor-element elementor-element-2b96710 elementor-section-full_width elementor-section-height-min-height elementor-section-height-default elementor-section-items-middle\" data-id=\"2b96710\" data-element_type=\"section\" data-settings=\"{&quot;background_background&quot;:&quot;classic&quot;}\">\n\t\t\t\t\t\t\t<div class=\"elementor-background-overlay\"><\/div>\n\t\t\t\t\t\t\t<div class=\"elementor-container elementor-column-gap-default\">\n\t\t\t\t\t<div class=\"elementor-column elementor-col-100 elementor-top-column elementor-element elementor-element-3412af6\" data-id=\"3412af6\" data-element_type=\"column\">\n\t\t\t<div class=\"elementor-widget-wrap elementor-element-populated\">\n\t\t\t\t\t\t<section class=\"elementor-section elementor-inner-section elementor-element elementor-element-e309619 elementor-section-boxed elementor-section-height-default elementor-section-height-default\" data-id=\"e309619\" data-element_type=\"section\">\n\t\t\t\t\t\t<div class=\"elementor-container elementor-column-gap-default\">\n\t\t\t\t\t<div class=\"elementor-column elementor-col-100 elementor-inner-column elementor-element elementor-element-98eddbc\" data-id=\"98eddbc\" data-element_type=\"column\">\n\t\t\t<div class=\"elementor-widget-wrap elementor-element-populated\">\n\t\t\t\t\t\t<div class=\"elementor-element elementor-element-b78cc8b elementor-widget elementor-widget-heading\" data-id=\"b78cc8b\" data-element_type=\"widget\" data-widget_type=\"heading.default\">\n\t\t\t\t<div class=\"elementor-widget-container\">\n\t\t\t\t\t<h1 class=\"elementor-heading-title elementor-size-default\">Accessibility statement<\/h1>\t\t\t\t<\/div>\n\t\t\t\t<\/div>\n\t\t\t\t\t<\/div>\n\t\t<\/div>\n\t\t\t\t\t<\/div>\n\t\t<\/section>\n\t\t\t\t\t<\/div>\n\t\t<\/div>\n\t\t\t\t\t<\/div>\n\t\t<\/section>\n\t\t\t\t<section class=\"elementor-section elementor-top-section elementor-element elementor-element-27f1721 elementor-section-boxed elementor-section-height-default elementor-section-height-default\" data-id=\"27f1721\" data-element_type=\"section\">\n\t\t\t\t\t\t<div class=\"elementor-container elementor-column-gap-default\">\n\t\t\t\t\t<div class=\"elementor-column elementor-col-100 elementor-top-column elementor-element elementor-element-4dac806\" data-id=\"4dac806\" data-element_type=\"column\">\n\t\t\t<div class=\"elementor-widget-wrap elementor-element-populated\">\n\t\t\t\t\t\t<div class=\"elementor-element elementor-element-620fc2c elementor-widget elementor-widget-text-editor\" data-id=\"620fc2c\" data-element_type=\"widget\" data-widget_type=\"text-editor.default\">\n\t\t\t\t<div class=\"elementor-widget-container\">\n\t\t\t\t\t\t\t\t\t<p>LATAM LOGISTIC SL. is committed to making accessible web site, in accordance with the Royal Decree 1112\/2018 of 7 September on accessibility of websites and mobile applications of public sector.<\/p><p>This accessibility statement applies to the web site<a href=\"https:\/\/latamlogistics.es\/en\/\">\u00a0https:\/\/www.latamlogistics.es\/<\/a><\/p><p><strong>Status of compliance<\/strong><\/p><p>This website is developed in accordance with the RD 1112\/2018<\/p><p><strong>Preparation for the following accessibility statement<\/strong><\/p><p>This statement was prepared on January 2, 2023.<\/p><p>The method used to prepare the statement has been a self-assessment.<\/p><p><strong>Observations and contact information<\/strong><\/p><p>You can perform communications relating to accessibility requirements (article 10.2.to the RD 1112\/2018) as, for example:<\/p><ul><li>Report any possible failure on the part of this web site<\/li><li>To convey other difficulties of access to the content<\/li><li>Have any other questions or suggestions for improvement regarding the accessibility of the website<\/li><\/ul><p>through the\u00a0<a href=\"https:\/\/latamdesarrollo.com\/contacto\/\">contact form<\/a> of this web site or through the phone number <a href=\"tel:+34659453977\">+34 659 45 39 77<\/a>.<\/p><p>You can submit:<\/p><ul><li>Complaint concerning the compliance with the requirements of the RD 1112\/2018 or<\/li><li>Application of accessible Information related to:<ul><li>Contents that are excluded from the scope of application of the RD 1112\/2018 as established by article 3, paragraph 4<\/li><li>Contents that are exempt from compliance with the requirements of accessibility to impose a disproportionate burden<\/li><\/ul><\/li><\/ul><p>In the Application of information accessible, you must realize, with all clarity, the facts, reasons and request that you allow to see that this request is reasonable and legitimate.<\/p><p>The complaints and claims on accessible information shall be made through the electronic office (<a href=\"https:\/\/sede.red.gob.es\/procedimientos\/quejas-y-sugerencias\">https:\/\/sede.red.gob.es\/procedimientos\/quejas-y-sugerencias)<\/a>, and shall be received and treated by the area of Systems the Information Network.is.<\/p><p><strong>Optional content<\/strong><\/p><p>If you want to change the font size of the text in the main graphical web browsers use the following menus:<\/p><ul><li>Internet Explorer, Mozilla and Firefox: View &gt; text Size<\/li><li>Opera: View &gt; Zoom<\/li><li>Safari: View &gt; Make text bigger<\/li><li>Chrome: Controls the current page &gt; text Size<\/li><li>To change the size of everything on the page:<ul><li>Ctrl + + to increase<\/li><li>Ctrl + \u2013 to decrease<\/li><li>Ctrl + 0 to restore the original size of the text<\/li><li>If what you want is to override the style sheet or modify the text color, you can refer to the page How to Change Text Size or Colors of the WAI, which you can read translated to Spanish in How to change text size or colors?<\/li><\/ul><\/li><\/ul>\t\t\t\t\t\t\t\t<\/div>\n\t\t\t\t<\/div>\n\t\t\t\t\t<\/div>\n\t\t<\/div>\n\t\t\t\t\t<\/div>\n\t\t<\/section>\n\t\t\t\t<\/div>","protected":false},"excerpt":{"rendered":"<p>LATAM LOGISTIC SL. se ha comprometido a hacer accesible su sitio web, de conformidad con el Real Decreto 1112\/2018, de 7 de septiembre, sobre accesibilidad de los sitios web y aplicaciones para dispositivos m\u00f3viles del sector p\u00fablico. La presente declaraci\u00f3n de accesibilidad se aplica al sitio web\u00a0https:\/\/www.latamlogistics.es\/ Situaci\u00f3n de cumplimiento Este sitio web se encuentra&hellip;&nbsp;<a href=\"https:\/\/latamlogistics.es\/en\/declaracion-de-accesibilidad\/\" rel=\"bookmark\">Read More &raquo;<span class=\"screen-reader-text\">Accessibility statement<\/span><\/a><\/p>","protected":false},"author":1,"featured_media":0,"parent":0,"menu_order":0,"comment_status":"closed","ping_status":"closed","template":"page-templates\/template-pagebuilder-full-width.php","meta":{"neve_meta_sidebar":"","neve_meta_container":"","neve_meta_enable_content_width":"off","neve_meta_content_width":100,"neve_meta_title_alignment":"","neve_meta_author_avatar":"","neve_post_elements_order":"","neve_meta_disable_header":"","neve_meta_disable_footer":"","neve_meta_disable_title":"","footnotes":""},"class_list":["post-693","page","type-page","status-publish","hentry"],"acf":[],"aioseo_notices":[],"_links":{"self":[{"href":"https:\/\/latamlogistics.es\/en\/wp-json\/wp\/v2\/pages\/693","targetHints":{"allow":["GET"]}}],"collection":[{"href":"https:\/\/latamlogistics.es\/en\/wp-json\/wp\/v2\/pages"}],"about":[{"href":"https:\/\/latamlogistics.es\/en\/wp-json\/wp\/v2\/types\/page"}],"author":[{"embeddable":true,"href":"https:\/\/latamlogistics.es\/en\/wp-json\/wp\/v2\/users\/1"}],"replies":[{"embeddable":true,"href":"https:\/\/latamlogistics.es\/en\/wp-json\/wp\/v2\/comments?post=693"}],"version-history":[{"count":13,"href":"https:\/\/latamlogistics.es\/en\/wp-json\/wp\/v2\/pages\/693\/revisions"}],"predecessor-version":[{"id":1918,"href":"https:\/\/latamlogistics.es\/en\/wp-json\/wp\/v2\/pages\/693\/revisions\/1918"}],"wp:attachment":[{"href":"https:\/\/latamlogistics.es\/en\/wp-json\/wp\/v2\/media?parent=693"}],"curies":[{"name":"wp","href":"https:\/\/api.w.org\/{rel}","templated":true}]}}