{"id":2478,"date":"2024-06-05T07:49:54","date_gmt":"2024-06-05T07:49:54","guid":{"rendered":"https:\/\/latamlogistics.es\/?page_id=2478"},"modified":"2024-06-05T07:51:49","modified_gmt":"2024-06-05T07:51:49","slug":"consultoria-transporte-aereo-latam","status":"publish","type":"page","link":"https:\/\/latamlogistics.es\/es\/consultoria-transporte-aereo-latam\/","title":{"rendered":"Consultor\u00eda transporte a\u00e9reo Latam"},"content":{"rendered":"\t\t<div data-elementor-type=\"wp-page\" data-elementor-id=\"2478\" class=\"elementor elementor-2478\" data-elementor-post-type=\"page\">\n\t\t\t\t\t\t<section class=\"elementor-section elementor-top-section elementor-element elementor-element-2ae70179 elementor-section-boxed elementor-section-height-default elementor-section-height-default\" data-id=\"2ae70179\" data-element_type=\"section\">\n\t\t\t\t\t\t<div class=\"elementor-container elementor-column-gap-default\">\n\t\t\t\t\t<div class=\"elementor-column elementor-col-50 elementor-top-column elementor-element elementor-element-62c9d2ab\" data-id=\"62c9d2ab\" data-element_type=\"column\">\n\t\t\t<div class=\"elementor-widget-wrap elementor-element-populated\">\n\t\t\t\t\t\t<div class=\"elementor-element elementor-element-430dc2e elementor-widget elementor-widget-text-editor\" data-id=\"430dc2e\" data-element_type=\"widget\" data-widget_type=\"text-editor.default\">\n\t\t\t\t<div class=\"elementor-widget-container\">\n\t\t\t\t\t\t\t\t\t<p><span style=\"font-weight: 400;\">En el din\u00e1mico mundo del transporte a\u00e9reo, contar con un socio estrat\u00e9gico y confiable es fundamental para asegurar el \u00e9xito y la eficiencia de tus operaciones. Latam Logistic se destaca como l\u00edder en la <\/span><b>consultor\u00eda de transporte a\u00e9reo en Latam<\/b><span style=\"font-weight: 400;\">, ofreciendo soluciones integrales y personalizadas que se adaptan a las necesidades espec\u00edficas de cada cliente.\u00a0<\/span><\/p><p><span style=\"font-weight: 400;\">Con m\u00e1s de 20 a\u00f1os de experiencia en la industria, Latam Logistic ha desarrollado una profunda comprensi\u00f3n de los desaf\u00edos y oportunidades presentes en el sector del transporte a\u00e9reo. Nuestro equipo de expertos cuenta con un amplio conocimiento en sistemas de tratamiento de equipaje (BHS), sistemas de inspecci\u00f3n de equipaje de bodega (HBS) y filtros de seguridad (SSCP), lo que nos permite ofrecer soluciones innovadoras y efectivas para optimizar tus operaciones aeroportuarias.<\/span><\/p><p><span style=\"font-weight: 400;\">En Latam Logistic, creemos que la clave del \u00e9xito radica en escuchar atentamente a nuestros clientes. Iniciamos cada proyecto con la pregunta: \u00bfen qu\u00e9 les podemos ayudar? <br \/>Este enfoque nos permite dise\u00f1ar estrategias y soluciones que realmente aborden las necesidades espec\u00edficas de nuestros clientes. <br \/>Nuestra pasi\u00f3n por la log\u00edstica y el transporte a\u00e9reo nos impulsa a proporcionar un servicio de <\/span><b>consultor\u00eda de transporte a\u00e9reo en Latam<\/b><span style=\"font-weight: 400;\"> que realmente marque la diferencia.<\/span><\/p><p><span style=\"font-weight: 400;\">La eficiencia operativa es crucial en la industria del transporte a\u00e9reo. <br \/>En Latam Logistic, nos especializamos en la optimizaci\u00f3n de operaciones y procesos, utilizando herramientas avanzadas de simulaci\u00f3n y emulaci\u00f3n para identificar y eliminar cuellos de botella y mejorar el flujo de trabajo. <br \/>Nuestro objetivo es maximizar la productividad y reducir los costos operativos, asegurando que tus operaciones sean lo m\u00e1s eficientes y rentables posible.<\/span><\/p><p><span style=\"font-weight: 400;\">Cada cliente es \u00fanico, y en Latam Logistic nos enorgullecemos de ofrecer soluciones personalizadas que se adapten a las necesidades espec\u00edficas de cada proyecto. Desde la ingenier\u00eda y desarrollo hasta la puesta en marcha de soluciones integrales, nuestro equipo trabaja de la mano contigo en cada etapa del proyecto, garantizando que se cumplan tus objetivos y se superen tus expectativas. Nuestra experiencia en <\/span><b>consultor\u00eda de transporte a\u00e9reo en Latam<\/b><span style=\"font-weight: 400;\"> nos permite ofrecer un servicio completo y de alta calidad.<\/span><\/p><p><span style=\"font-weight: 400;\">En un sector en constante evoluci\u00f3n, mantenerse a la vanguardia de la tecnolog\u00eda es esencial. Latam Logistic invierte continuamente en nuevas tecnolog\u00edas y metodolog\u00edas para ofrecer soluciones de \u00faltima generaci\u00f3n. <br \/>Utilizamos herramientas avanzadas como ERP, TMS y optimizadores para asegurar que tus operaciones est\u00e9n siempre un paso adelante. <br \/>Nuestra capacidad para integrar tecnolog\u00eda avanzada en nuestras soluciones de <\/span><b>consultor\u00eda de transporte a\u00e9reo en Latam<\/b><span style=\"font-weight: 400;\"> nos diferencia de la competencia.<\/span><\/p><p><span style=\"font-weight: 400;\">Nuestro compromiso con la excelencia se refleja en la satisfacci\u00f3n de nuestros clientes y en el \u00e9xito de los proyectos que hemos realizado. <br \/>Con m\u00e1s de 20 clientes satisfechos y m\u00e1s de 20 proyectos completados con \u00e9xito, Latam Logistic se ha consolidado como una empresa de confianza en la <\/span><b>consultor\u00eda de transporte a\u00e9reo en Latam<\/b><span style=\"font-weight: 400;\">. <br \/>Nuestra trayectoria es testimonio de nuestra capacidad para entregar resultados excepcionales y superar las expectativas de nuestros clientes.<\/span><\/p><p><span style=\"font-weight: 400;\">Si buscas una <\/span><b>consultor\u00eda de transporte a\u00e9reo en Latam<\/b><span style=\"font-weight: 400;\"> que combine experiencia, conocimiento especializado, enfoque en el cliente, optimizaci\u00f3n de operaciones, innovaci\u00f3n y tecnolog\u00eda, Latam Logistic es tu mejor opci\u00f3n. <br \/>Nuestra dedicaci\u00f3n a la excelencia y nuestra pasi\u00f3n por la log\u00edstica y el transporte a\u00e9reo nos permiten ofrecer soluciones que realmente transforman tus operaciones.\u00a0<\/span><\/p><p><span style=\"font-weight: 400;\">Conf\u00eda en Latam Logistic para llevar tu negocio al siguiente nivel y alcanzar el \u00e9xito que buscas en el competitivo mundo del transporte a\u00e9reo en Latam.<\/span><\/p>\t\t\t\t\t\t\t\t<\/div>\n\t\t\t\t<\/div>\n\t\t\t\t<div class=\"elementor-element elementor-element-f193dbf elementor-widget elementor-widget-image\" data-id=\"f193dbf\" data-element_type=\"widget\" data-widget_type=\"image.default\">\n\t\t\t\t<div class=\"elementor-widget-container\">\n\t\t\t\t\t\t\t\t\t\t\t\t\t\t\t<img fetchpriority=\"high\" decoding=\"async\" width=\"1024\" height=\"576\" src=\"https:\/\/latamlogistics.es\/wp-content\/uploads\/2023\/09\/TRANSPORTE-TERRESTRE-1024x576.jpg\" class=\"attachment-large size-large wp-image-1038\" alt=\"\" srcset=\"https:\/\/latamlogistics.es\/wp-content\/uploads\/2023\/09\/TRANSPORTE-TERRESTRE-1024x576.jpg 1024w, https:\/\/latamlogistics.es\/wp-content\/uploads\/2023\/09\/TRANSPORTE-TERRESTRE-300x169.jpg 300w, https:\/\/latamlogistics.es\/wp-content\/uploads\/2023\/09\/TRANSPORTE-TERRESTRE-768x432.jpg 768w, https:\/\/latamlogistics.es\/wp-content\/uploads\/2023\/09\/TRANSPORTE-TERRESTRE-1536x864.jpg 1536w, https:\/\/latamlogistics.es\/wp-content\/uploads\/2023\/09\/TRANSPORTE-TERRESTRE-18x10.jpg 18w, https:\/\/latamlogistics.es\/wp-content\/uploads\/2023\/09\/TRANSPORTE-TERRESTRE-24x14.jpg 24w, https:\/\/latamlogistics.es\/wp-content\/uploads\/2023\/09\/TRANSPORTE-TERRESTRE-36x20.jpg 36w, https:\/\/latamlogistics.es\/wp-content\/uploads\/2023\/09\/TRANSPORTE-TERRESTRE-48x27.jpg 48w, https:\/\/latamlogistics.es\/wp-content\/uploads\/2023\/09\/TRANSPORTE-TERRESTRE.jpg 1920w\" sizes=\"(max-width: 1024px) 100vw, 1024px\" \/>\t\t\t\t\t\t\t\t\t\t\t\t\t\t\t<\/div>\n\t\t\t\t<\/div>\n\t\t\t\t\t<\/div>\n\t\t<\/div>\n\t\t\t\t<div class=\"elementor-column elementor-col-50 elementor-top-column elementor-element elementor-element-7d2cd0ac\" data-id=\"7d2cd0ac\" data-element_type=\"column\" data-settings=\"{&quot;background_background&quot;:&quot;classic&quot;}\">\n\t\t\t<div class=\"elementor-widget-wrap elementor-element-populated\">\n\t\t\t\t\t\t<div class=\"elementor-element elementor-element-feb41a7 elementor-widget elementor-widget-heading\" data-id=\"feb41a7\" data-element_type=\"widget\" data-widget_type=\"heading.default\">\n\t\t\t\t<div class=\"elementor-widget-container\">\n\t\t\t\t\t<h3 class=\"elementor-heading-title elementor-size-default\">\u00bfHablamos?<\/h3>\t\t\t\t<\/div>\n\t\t\t\t<\/div>\n\t\t\t\t<div class=\"elementor-element elementor-element-555fe81 elementor-widget-divider--view-line elementor-widget elementor-widget-divider\" data-id=\"555fe81\" data-element_type=\"widget\" data-widget_type=\"divider.default\">\n\t\t\t\t<div class=\"elementor-widget-container\">\n\t\t\t\t\t\t\t<div class=\"elementor-divider\">\n\t\t\t<span class=\"elementor-divider-separator\">\n\t\t\t\t\t\t<\/span>\n\t\t<\/div>\n\t\t\t\t\t\t<\/div>\n\t\t\t\t<\/div>\n\t\t\t\t<div class=\"elementor-element elementor-element-31933983 elementor-button-align-start elementor-widget elementor-widget-form\" data-id=\"31933983\" data-element_type=\"widget\" data-settings=\"{&quot;step_next_label&quot;:&quot;Next&quot;,&quot;step_previous_label&quot;:&quot;Previous&quot;,&quot;button_width&quot;:&quot;100&quot;,&quot;step_type&quot;:&quot;number_text&quot;,&quot;step_icon_shape&quot;:&quot;circle&quot;}\" data-widget_type=\"form.default\">\n\t\t\t\t<div class=\"elementor-widget-container\">\n\t\t\t\t\t\t\t<form class=\"elementor-form\" method=\"post\" name=\"New Form\" aria-label=\"New Form\">\n\t\t\t<input type=\"hidden\" name=\"post_id\" value=\"2478\"\/>\n\t\t\t<input type=\"hidden\" name=\"form_id\" value=\"31933983\"\/>\n\t\t\t<input type=\"hidden\" name=\"referer_title\" value=\"Consultor\u00eda transporte a\u00e9reo Latam - LATAM LOGISTICS | LA REVOLUCI\u00d3N del Transporte\" \/>\n\n\t\t\t\t\t\t\t<input type=\"hidden\" name=\"queried_id\" value=\"2478\"\/>\n\t\t\t\n\t\t\t<div class=\"elementor-form-fields-wrapper elementor-labels-above\">\n\t\t\t\t\t\t\t\t<div class=\"elementor-field-type-text elementor-field-group elementor-column elementor-field-group-name elementor-col-50\">\n\t\t\t\t\t\t\t\t\t\t\t\t\t<input size=\"1\" type=\"text\" name=\"form_fields[name]\" id=\"form-field-name\" class=\"elementor-field elementor-size-sm  elementor-field-textual\" placeholder=\"Nombre\">\n\t\t\t\t\t\t\t\t\t\t\t<\/div>\n\t\t\t\t\t\t\t\t<div class=\"elementor-field-type-text elementor-field-group elementor-column elementor-field-group-field_1c7f7fa elementor-col-50 elementor-field-required\">\n\t\t\t\t\t\t\t\t\t\t\t\t\t<input size=\"1\" type=\"text\" name=\"form_fields[field_1c7f7fa]\" id=\"form-field-field_1c7f7fa\" class=\"elementor-field elementor-size-sm  elementor-field-textual\" placeholder=\"Apellidos\" required=\"required\">\n\t\t\t\t\t\t\t\t\t\t\t<\/div>\n\t\t\t\t\t\t\t\t<div class=\"elementor-field-type-email elementor-field-group elementor-column elementor-field-group-email elementor-col-50 elementor-field-required\">\n\t\t\t\t\t\t\t\t\t\t\t\t\t<input size=\"1\" type=\"email\" name=\"form_fields[email]\" id=\"form-field-email\" class=\"elementor-field elementor-size-sm  elementor-field-textual\" placeholder=\"Email\" required=\"required\">\n\t\t\t\t\t\t\t\t\t\t\t<\/div>\n\t\t\t\t\t\t\t\t<div class=\"elementor-field-type-tel elementor-field-group elementor-column elementor-field-group-field_a5f58a2 elementor-col-50 elementor-field-required\">\n\t\t\t\t\t\t\t<input size=\"1\" type=\"tel\" name=\"form_fields[field_a5f58a2]\" id=\"form-field-field_a5f58a2\" class=\"elementor-field elementor-size-sm  elementor-field-textual\" placeholder=\"Tel\u00e9fono\" required=\"required\" pattern=\"[0-9()#&amp;+*-=.]+\" title=\"Only numbers and phone characters (#, -, *, etc) are accepted.\">\n\n\t\t\t\t\t\t<\/div>\n\t\t\t\t\t\t\t\t<div class=\"elementor-field-type-text elementor-field-group elementor-column elementor-field-group-field_bb76980 elementor-col-100 elementor-field-required\">\n\t\t\t\t\t\t\t\t\t\t\t\t\t<input size=\"1\" type=\"text\" name=\"form_fields[field_bb76980]\" id=\"form-field-field_bb76980\" class=\"elementor-field elementor-size-sm  elementor-field-textual\" placeholder=\"Asunto\" required=\"required\">\n\t\t\t\t\t\t\t\t\t\t\t<\/div>\n\t\t\t\t\t\t\t\t<div class=\"elementor-field-type-textarea elementor-field-group elementor-column elementor-field-group-message elementor-col-100 elementor-field-required\">\n\t\t\t\t\t<textarea class=\"elementor-field-textual elementor-field  elementor-size-sm\" name=\"form_fields[message]\" id=\"form-field-message\" rows=\"4\" placeholder=\"Mensaje\" required=\"required\"><\/textarea>\t\t\t\t<\/div>\n\t\t\t\t\t\t\t\t<div class=\"elementor-field-type-acceptance elementor-field-group elementor-column elementor-field-group-field_b965894 elementor-col-100 elementor-field-required\">\n\t\t\t\t\t\t\t<div class=\"elementor-field-subgroup\">\n\t\t\t<span class=\"elementor-field-option\">\n\t\t\t\t<input type=\"checkbox\" name=\"form_fields[field_b965894]\" id=\"form-field-field_b965894\" class=\"elementor-field elementor-size-sm  elementor-acceptance-field\" required=\"required\">\n\t\t\t\t<label for=\"form-field-field_b965894\">He le\u00eddo y acepto la <a href=\"https:\/\/latamdesarrollo.com\/politica-de-proteccion-de-datos\">pol\u00edtica de privacidad.<\/a><\/label>\t\t\t<\/span>\n\t\t<\/div>\n\t\t\t\t\t\t<\/div>\n\t\t\t\t\t\t\t\t<div class=\"elementor-field-type-text\">\n\t\t\t\t\t<input size=\"1\" type=\"text\" name=\"form_fields[field_2c1608e]\" id=\"form-field-field_2c1608e\" class=\"elementor-field elementor-size-sm \" style=\"display:none !important;\">\t\t\t\t<\/div>\n\t\t\t\t\t\t\t\t<div class=\"elementor-field-group elementor-column elementor-field-type-submit elementor-col-100 e-form__buttons\">\n\t\t\t\t\t<button class=\"elementor-button elementor-size-sm\" type=\"submit\">\n\t\t\t\t\t\t<span class=\"elementor-button-content-wrapper\">\n\t\t\t\t\t\t\t\t\t\t\t\t\t\t\t\t\t\t\t\t\t\t<span class=\"elementor-button-text\">Enviar mensaje<\/span>\n\t\t\t\t\t\t\t\t\t\t\t\t\t<\/span>\n\t\t\t\t\t<\/button>\n\t\t\t\t<\/div>\n\t\t\t<\/div>\n\t\t<\/form>\n\t\t\t\t\t\t<\/div>\n\t\t\t\t<\/div>\n\t\t\t\t\t<\/div>\n\t\t<\/div>\n\t\t\t\t\t<\/div>\n\t\t<\/section>\n\t\t\t\t<section class=\"elementor-section elementor-top-section elementor-element elementor-element-570878c elementor-section-full_width elementor-section-height-default elementor-section-height-default\" data-id=\"570878c\" data-element_type=\"section\">\n\t\t\t\t\t\t<div class=\"elementor-container elementor-column-gap-default\">\n\t\t\t\t\t<div class=\"elementor-column elementor-col-100 elementor-top-column elementor-element elementor-element-51f92f2\" data-id=\"51f92f2\" data-element_type=\"column\">\n\t\t\t<div class=\"elementor-widget-wrap elementor-element-populated\">\n\t\t\t\t\t\t<section class=\"elementor-section elementor-inner-section elementor-element elementor-element-b5ef9d6 elementor-section-full_width elementor-section-height-default elementor-section-height-default\" data-id=\"b5ef9d6\" data-element_type=\"section\">\n\t\t\t\t\t\t<div class=\"elementor-container elementor-column-gap-default\">\n\t\t\t\t\t<div class=\"elementor-column elementor-col-33 elementor-inner-column elementor-element elementor-element-bc7562b\" data-id=\"bc7562b\" data-element_type=\"column\">\n\t\t\t<div class=\"elementor-widget-wrap elementor-element-populated\">\n\t\t\t\t\t\t<div class=\"elementor-element elementor-element-b30a317 elementor-widget elementor-widget-heading\" data-id=\"b30a317\" data-element_type=\"widget\" data-widget_type=\"heading.default\">\n\t\t\t\t<div class=\"elementor-widget-container\">\n\t\t\t\t\t<p class=\"elementor-heading-title elementor-size-default\">Copyright LATAM LOGISTICS SL\u00a9 2023<\/p>\t\t\t\t<\/div>\n\t\t\t\t<\/div>\n\t\t\t\t\t<\/div>\n\t\t<\/div>\n\t\t\t\t<div class=\"elementor-column elementor-col-33 elementor-inner-column elementor-element elementor-element-ad01ef4\" data-id=\"ad01ef4\" data-element_type=\"column\">\n\t\t\t<div class=\"elementor-widget-wrap elementor-element-populated\">\n\t\t\t\t\t\t<div class=\"elementor-element elementor-element-22989a7 elementor-icon-list--layout-inline elementor-align-center elementor-hidden-tablet elementor-hidden-mobile elementor-list-item-link-full_width elementor-widget elementor-widget-icon-list\" data-id=\"22989a7\" data-element_type=\"widget\" data-widget_type=\"icon-list.default\">\n\t\t\t\t<div class=\"elementor-widget-container\">\n\t\t\t\t\t\t\t<ul class=\"elementor-icon-list-items elementor-inline-items\">\n\t\t\t\t\t\t\t<li class=\"elementor-icon-list-item elementor-inline-item\">\n\t\t\t\t\t\t\t\t\t\t\t<a href=\"https:\/\/latamdesarrollo.com\/aviso-legal\">\n\n\t\t\t\t\t\t\t\t\t\t\t<span class=\"elementor-icon-list-text\">Aviso legal<\/span>\n\t\t\t\t\t\t\t\t\t\t\t<\/a>\n\t\t\t\t\t\t\t\t\t<\/li>\n\t\t\t\t\t\t\t\t<li class=\"elementor-icon-list-item elementor-inline-item\">\n\t\t\t\t\t\t\t\t\t\t\t<a href=\"https:\/\/latamdesarrollo.com\/politica-de-cookies\">\n\n\t\t\t\t\t\t\t\t\t\t\t<span class=\"elementor-icon-list-text\">Pol\u00edtica de cookies<\/span>\n\t\t\t\t\t\t\t\t\t\t\t<\/a>\n\t\t\t\t\t\t\t\t\t<\/li>\n\t\t\t\t\t\t\t\t<li class=\"elementor-icon-list-item elementor-inline-item\">\n\t\t\t\t\t\t\t\t\t\t\t<a href=\"https:\/\/latamdesarrollo.com\/politica-de-proteccion-de-datos\">\n\n\t\t\t\t\t\t\t\t\t\t\t<span class=\"elementor-icon-list-text\">Pol\u00edtica de protecci\u00f3n de datos<\/span>\n\t\t\t\t\t\t\t\t\t\t\t<\/a>\n\t\t\t\t\t\t\t\t\t<\/li>\n\t\t\t\t\t\t\t\t<li class=\"elementor-icon-list-item elementor-inline-item\">\n\t\t\t\t\t\t\t\t\t\t\t<a href=\"https:\/\/latamdesarrollo.com\/condiciones-generales\">\n\n\t\t\t\t\t\t\t\t\t\t\t<span class=\"elementor-icon-list-text\">Condiciones generales<\/span>\n\t\t\t\t\t\t\t\t\t\t\t<\/a>\n\t\t\t\t\t\t\t\t\t<\/li>\n\t\t\t\t\t\t\t\t<li class=\"elementor-icon-list-item elementor-inline-item\">\n\t\t\t\t\t\t\t\t\t\t\t<a href=\"https:\/\/latamdesarrollo.com\/declaracion-de-accesibilidad\">\n\n\t\t\t\t\t\t\t\t\t\t\t<span class=\"elementor-icon-list-text\">Declaraci\u00f3n de accesibilidad<\/span>\n\t\t\t\t\t\t\t\t\t\t\t<\/a>\n\t\t\t\t\t\t\t\t\t<\/li>\n\t\t\t\t\t\t\t\t<li class=\"elementor-icon-list-item elementor-inline-item\">\n\t\t\t\t\t\t\t\t\t\t\t<a href=\"https:\/\/latamdesarrollo.com\/mapa-del-sitio\">\n\n\t\t\t\t\t\t\t\t\t\t\t<span class=\"elementor-icon-list-text\">Mapa del sitio<\/span>\n\t\t\t\t\t\t\t\t\t\t\t<\/a>\n\t\t\t\t\t\t\t\t\t<\/li>\n\t\t\t\t\t\t<\/ul>\n\t\t\t\t\t\t<\/div>\n\t\t\t\t<\/div>\n\t\t\t\t<div class=\"elementor-element elementor-element-527eafb elementor-align-center elementor-hidden-desktop elementor-icon-list--layout-traditional elementor-list-item-link-full_width elementor-widget elementor-widget-icon-list\" data-id=\"527eafb\" data-element_type=\"widget\" data-widget_type=\"icon-list.default\">\n\t\t\t\t<div class=\"elementor-widget-container\">\n\t\t\t\t\t\t\t<ul class=\"elementor-icon-list-items\">\n\t\t\t\t\t\t\t<li class=\"elementor-icon-list-item\">\n\t\t\t\t\t\t\t\t\t\t\t<a href=\"https:\/\/latamdesarrollo.com\/aviso-legal\">\n\n\t\t\t\t\t\t\t\t\t\t\t<span class=\"elementor-icon-list-text\">Aviso legal<\/span>\n\t\t\t\t\t\t\t\t\t\t\t<\/a>\n\t\t\t\t\t\t\t\t\t<\/li>\n\t\t\t\t\t\t\t\t<li class=\"elementor-icon-list-item\">\n\t\t\t\t\t\t\t\t\t\t\t<a href=\"https:\/\/latamdesarrollo.com\/politica-de-cookies\">\n\n\t\t\t\t\t\t\t\t\t\t\t<span class=\"elementor-icon-list-text\">Pol\u00edtica de cookies<\/span>\n\t\t\t\t\t\t\t\t\t\t\t<\/a>\n\t\t\t\t\t\t\t\t\t<\/li>\n\t\t\t\t\t\t\t\t<li class=\"elementor-icon-list-item\">\n\t\t\t\t\t\t\t\t\t\t\t<a href=\"https:\/\/latamdesarrollo.com\/politica-de-proteccion-de-datos\">\n\n\t\t\t\t\t\t\t\t\t\t\t<span class=\"elementor-icon-list-text\">Pol\u00edtica de protecci\u00f3n de datos<\/span>\n\t\t\t\t\t\t\t\t\t\t\t<\/a>\n\t\t\t\t\t\t\t\t\t<\/li>\n\t\t\t\t\t\t\t\t<li class=\"elementor-icon-list-item\">\n\t\t\t\t\t\t\t\t\t\t\t<a href=\"https:\/\/latamdesarrollo.com\/condiciones-generales\">\n\n\t\t\t\t\t\t\t\t\t\t\t<span class=\"elementor-icon-list-text\">Condiciones generales<\/span>\n\t\t\t\t\t\t\t\t\t\t\t<\/a>\n\t\t\t\t\t\t\t\t\t<\/li>\n\t\t\t\t\t\t\t\t<li class=\"elementor-icon-list-item\">\n\t\t\t\t\t\t\t\t\t\t\t<a href=\"https:\/\/latamdesarrollo.com\/declaracion-de-accesibilidad\">\n\n\t\t\t\t\t\t\t\t\t\t\t<span class=\"elementor-icon-list-text\">Declaraci\u00f3n de accesibilidad<\/span>\n\t\t\t\t\t\t\t\t\t\t\t<\/a>\n\t\t\t\t\t\t\t\t\t<\/li>\n\t\t\t\t\t\t\t\t<li class=\"elementor-icon-list-item\">\n\t\t\t\t\t\t\t\t\t\t\t<a href=\"https:\/\/latamdesarrollo.com\/mapa-del-sitio\">\n\n\t\t\t\t\t\t\t\t\t\t\t<span class=\"elementor-icon-list-text\">Mapa del sitio<\/span>\n\t\t\t\t\t\t\t\t\t\t\t<\/a>\n\t\t\t\t\t\t\t\t\t<\/li>\n\t\t\t\t\t\t<\/ul>\n\t\t\t\t\t\t<\/div>\n\t\t\t\t<\/div>\n\t\t\t\t\t<\/div>\n\t\t<\/div>\n\t\t\t\t<div class=\"elementor-column elementor-col-33 elementor-inner-column elementor-element elementor-element-e5c4a72\" data-id=\"e5c4a72\" data-element_type=\"column\">\n\t\t\t<div class=\"elementor-widget-wrap elementor-element-populated\">\n\t\t\t\t\t\t<div class=\"elementor-element elementor-element-2327ed2 elementor-shape-rounded elementor-grid-0 e-grid-align-center elementor-widget elementor-widget-social-icons\" data-id=\"2327ed2\" data-element_type=\"widget\" data-widget_type=\"social-icons.default\">\n\t\t\t\t<div class=\"elementor-widget-container\">\n\t\t\t\t\t\t\t<div class=\"elementor-social-icons-wrapper elementor-grid\">\n\t\t\t\t\t\t\t<span class=\"elementor-grid-item\">\n\t\t\t\t\t<a class=\"elementor-icon elementor-social-icon elementor-social-icon-linkedin-in elementor-repeater-item-00f59c0\" href=\"https:\/\/www.linkedin.com\/company\/latam-logistics\/?originalSubdomain=es\" target=\"_blank\">\n\t\t\t\t\t\t<span class=\"elementor-screen-only\">Linkedin-in<\/span>\n\t\t\t\t\t\t<i aria-hidden=\"true\" class=\"fab fa-linkedin-in\"><\/i>\t\t\t\t\t<\/a>\n\t\t\t\t<\/span>\n\t\t\t\t\t<\/div>\n\t\t\t\t\t\t<\/div>\n\t\t\t\t<\/div>\n\t\t\t\t\t<\/div>\n\t\t<\/div>\n\t\t\t\t\t<\/div>\n\t\t<\/section>\n\t\t\t\t\t<\/div>\n\t\t<\/div>\n\t\t\t\t\t<\/div>\n\t\t<\/section>\n\t\t\t\t<section class=\"elementor-section elementor-top-section elementor-element elementor-element-dd41eae elementor-section-boxed elementor-section-height-default elementor-section-height-default\" data-id=\"dd41eae\" data-element_type=\"section\">\n\t\t\t\t\t\t<div class=\"elementor-container elementor-column-gap-default\">\n\t\t\t\t\t<div class=\"elementor-column elementor-col-100 elementor-top-column elementor-element elementor-element-62ee41d\" data-id=\"62ee41d\" data-element_type=\"column\">\n\t\t\t<div class=\"elementor-widget-wrap elementor-element-populated\">\n\t\t\t\t\t\t<div class=\"elementor-element elementor-element-d106e8d elementor-widget elementor-widget-image\" data-id=\"d106e8d\" data-element_type=\"widget\" data-widget_type=\"image.default\">\n\t\t\t\t<div class=\"elementor-widget-container\">\n\t\t\t\t\t\t\t\t\t\t\t\t\t\t\t<img decoding=\"async\" width=\"2048\" height=\"238\" src=\"https:\/\/latamlogistics.es\/wp-content\/uploads\/2023\/08\/Logo-digitalizadores-2048x238-1-1.png\" class=\"attachment-full size-full wp-image-121\" alt=\"\" srcset=\"https:\/\/latamlogistics.es\/wp-content\/uploads\/2023\/08\/Logo-digitalizadores-2048x238-1-1.png 2048w, https:\/\/latamlogistics.es\/wp-content\/uploads\/2023\/08\/Logo-digitalizadores-2048x238-1-1-300x35.png 300w, https:\/\/latamlogistics.es\/wp-content\/uploads\/2023\/08\/Logo-digitalizadores-2048x238-1-1-1024x119.png 1024w, https:\/\/latamlogistics.es\/wp-content\/uploads\/2023\/08\/Logo-digitalizadores-2048x238-1-1-768x89.png 768w, https:\/\/latamlogistics.es\/wp-content\/uploads\/2023\/08\/Logo-digitalizadores-2048x238-1-1-1536x179.png 1536w, https:\/\/latamlogistics.es\/wp-content\/uploads\/2023\/08\/Logo-digitalizadores-2048x238-1-1-18x2.png 18w, https:\/\/latamlogistics.es\/wp-content\/uploads\/2023\/08\/Logo-digitalizadores-2048x238-1-1-24x3.png 24w, https:\/\/latamlogistics.es\/wp-content\/uploads\/2023\/08\/Logo-digitalizadores-2048x238-1-1-36x4.png 36w, https:\/\/latamlogistics.es\/wp-content\/uploads\/2023\/08\/Logo-digitalizadores-2048x238-1-1-48x6.png 48w\" sizes=\"(max-width: 2048px) 100vw, 2048px\" \/>\t\t\t\t\t\t\t\t\t\t\t\t\t\t\t<\/div>\n\t\t\t\t<\/div>\n\t\t\t\t\t<\/div>\n\t\t<\/div>\n\t\t\t\t\t<\/div>\n\t\t<\/section>\n\t\t\t\t<\/div>\n\t\t","protected":false},"excerpt":{"rendered":"<p>En el din\u00e1mico mundo del transporte a\u00e9reo, contar con un socio estrat\u00e9gico y confiable es fundamental para asegurar el \u00e9xito y la eficiencia de tus operaciones. Latam Logistic se destaca como l\u00edder en la consultor\u00eda de transporte a\u00e9reo en Latam, ofreciendo soluciones integrales y personalizadas que se adaptan a las necesidades espec\u00edficas de cada cliente.\u00a0&hellip;&nbsp;<a href=\"https:\/\/latamlogistics.es\/es\/consultoria-transporte-aereo-latam\/\" rel=\"bookmark\">Leer m\u00e1s &raquo;<span class=\"screen-reader-text\">Consultor\u00eda transporte a\u00e9reo Latam<\/span><\/a><\/p>\n","protected":false},"author":2,"featured_media":0,"parent":0,"menu_order":0,"comment_status":"closed","ping_status":"closed","template":"page-templates\/template-pagebuilder-full-width.php","meta":{"neve_meta_sidebar":"","neve_meta_container":"","neve_meta_enable_content_width":"off","neve_meta_content_width":100,"neve_meta_title_alignment":"","neve_meta_author_avatar":"","neve_post_elements_order":"","neve_meta_disable_header":"","neve_meta_disable_footer":"on","neve_meta_disable_title":"","footnotes":""},"class_list":["post-2478","page","type-page","status-publish","hentry"],"acf":[],"aioseo_notices":[],"_links":{"self":[{"href":"https:\/\/latamlogistics.es\/es\/wp-json\/wp\/v2\/pages\/2478","targetHints":{"allow":["GET"]}}],"collection":[{"href":"https:\/\/latamlogistics.es\/es\/wp-json\/wp\/v2\/pages"}],"about":[{"href":"https:\/\/latamlogistics.es\/es\/wp-json\/wp\/v2\/types\/page"}],"author":[{"embeddable":true,"href":"https:\/\/latamlogistics.es\/es\/wp-json\/wp\/v2\/users\/2"}],"replies":[{"embeddable":true,"href":"https:\/\/latamlogistics.es\/es\/wp-json\/wp\/v2\/comments?post=2478"}],"version-history":[{"count":4,"href":"https:\/\/latamlogistics.es\/es\/wp-json\/wp\/v2\/pages\/2478\/revisions"}],"predecessor-version":[{"id":2482,"href":"https:\/\/latamlogistics.es\/es\/wp-json\/wp\/v2\/pages\/2478\/revisions\/2482"}],"wp:attachment":[{"href":"https:\/\/latamlogistics.es\/es\/wp-json\/wp\/v2\/media?parent=2478"}],"curies":[{"name":"wp","href":"https:\/\/api.w.org\/{rel}","templated":true}]}}