{"id":674,"date":"2023-08-16T14:53:16","date_gmt":"2023-08-16T14:53:16","guid":{"rendered":"https:\/\/latamdesarrollo.com\/?page_id=674"},"modified":"2026-03-18T09:48:02","modified_gmt":"2026-03-18T09:48:02","slug":"politica-de-proteccion-de-datos","status":"publish","type":"page","link":"https:\/\/latamlogistics.es\/es\/politica-de-proteccion-de-datos\/","title":{"rendered":"Pol\u00edtica de protecci\u00f3n de datos"},"content":{"rendered":"\t\t<div data-elementor-type=\"wp-page\" data-elementor-id=\"674\" class=\"elementor elementor-674\" data-elementor-post-type=\"page\">\n\t\t\t\t\t\t<section class=\"elementor-section elementor-top-section elementor-element elementor-element-4cc3eae0 elementor-section-boxed elementor-section-height-default elementor-section-height-default\" data-id=\"4cc3eae0\" data-element_type=\"section\">\n\t\t\t\t\t\t<div class=\"elementor-container elementor-column-gap-default\">\n\t\t\t\t\t<div class=\"elementor-column elementor-col-33 elementor-top-column elementor-element elementor-element-6efe1aed\" data-id=\"6efe1aed\" data-element_type=\"column\">\n\t\t\t<div class=\"elementor-widget-wrap elementor-element-populated\">\n\t\t\t\t\t\t<div class=\"elementor-element elementor-element-684b6d53 elementor-widget__width-initial elementor-widget-mobile__width-initial elementor-widget elementor-widget-theme-site-logo elementor-widget-image\" data-id=\"684b6d53\" data-element_type=\"widget\" data-widget_type=\"theme-site-logo.default\">\n\t\t\t\t<div class=\"elementor-widget-container\">\n\t\t\t\t\t\t\t\t\t\t\t<a href=\"https:\/\/latamlogistics.es\/es\">\n\t\t\t<img decoding=\"async\" width=\"287\" height=\"113\" src=\"https:\/\/latamlogistics.es\/wp-content\/uploads\/2023\/08\/LATAMWEB.svg\" class=\"attachment-full size-full wp-image-848\" alt=\"\" \/>\t\t\t\t<\/a>\n\t\t\t\t\t\t\t\t\t\t\t<\/div>\n\t\t\t\t<\/div>\n\t\t\t\t\t<\/div>\n\t\t<\/div>\n\t\t\t\t<div class=\"elementor-column elementor-col-33 elementor-top-column elementor-element elementor-element-2e907b5f\" data-id=\"2e907b5f\" data-element_type=\"column\">\n\t\t\t<div class=\"elementor-widget-wrap elementor-element-populated\">\n\t\t\t\t\t\t<div class=\"elementor-element elementor-element-58484761 elementor-nav-menu__align-center elementor-nav-menu--dropdown-mobile elementor-widget__width-initial elementor-widget-mobile__width-initial elementor-nav-menu__text-align-aside elementor-nav-menu--toggle elementor-nav-menu--burger elementor-widget elementor-widget-nav-menu\" data-id=\"58484761\" data-element_type=\"widget\" data-settings=\"{&quot;layout&quot;:&quot;horizontal&quot;,&quot;submenu_icon&quot;:{&quot;value&quot;:&quot;&lt;i class=\\&quot;fas fa-caret-down\\&quot; aria-hidden=\\&quot;true\\&quot;&gt;&lt;\\\/i&gt;&quot;,&quot;library&quot;:&quot;fa-solid&quot;},&quot;toggle&quot;:&quot;burger&quot;}\" data-widget_type=\"nav-menu.default\">\n\t\t\t\t<div class=\"elementor-widget-container\">\n\t\t\t\t\t\t\t\t<nav aria-label=\"Menu\" class=\"elementor-nav-menu--main elementor-nav-menu__container elementor-nav-menu--layout-horizontal e--pointer-underline e--animation-fade\">\n\t\t\t\t<ul id=\"menu-1-58484761\" class=\"elementor-nav-menu\"><li class=\"menu-item menu-item-type-post_type menu-item-object-page menu-item-1996\"><a href=\"https:\/\/latamlogistics.es\/es\/conocenos\/\" class=\"elementor-item\">CON\u00d3CENOS<\/a><\/li>\n<li class=\"menu-item menu-item-type-post_type menu-item-object-page menu-item-3202\"><a href=\"https:\/\/latamlogistics.es\/es\/terminal\/\" class=\"elementor-item\">TERMINAL<\/a><\/li>\n<li class=\"menu-item menu-item-type-post_type menu-item-object-page menu-item-3204\"><a href=\"https:\/\/latamlogistics.es\/es\/campo-de-vuelo\/\" class=\"elementor-item\">CAMPO DE VUELO<\/a><\/li>\n<li class=\"menu-item menu-item-type-post_type menu-item-object-page menu-item-3203\"><a href=\"https:\/\/latamlogistics.es\/es\/simulacion\/\" class=\"elementor-item\">SIMULACI\u00d3N<\/a><\/li>\n<li class=\"menu-item menu-item-type-post_type menu-item-object-page menu-item-1998\"><a href=\"https:\/\/latamlogistics.es\/es\/terrestre\/\" class=\"elementor-item\">TERRESTRE<\/a><\/li>\n<li class=\"menu-item menu-item-type-post_type menu-item-object-page menu-item-1999\"><a href=\"https:\/\/latamlogistics.es\/es\/nuestros-proyectos\/\" class=\"elementor-item\">PROYECTOS<\/a><\/li>\n<\/ul>\t\t\t<\/nav>\n\t\t\t\t\t<div class=\"elementor-menu-toggle\" role=\"button\" tabindex=\"0\" aria-label=\"Menu Toggle\" aria-expanded=\"false\">\n\t\t\t<i aria-hidden=\"true\" role=\"presentation\" class=\"elementor-menu-toggle__icon--open fas fa-plus\"><\/i><i aria-hidden=\"true\" role=\"presentation\" class=\"elementor-menu-toggle__icon--close eicon-close\"><\/i>\t\t<\/div>\n\t\t\t\t\t<nav class=\"elementor-nav-menu--dropdown elementor-nav-menu__container\" aria-hidden=\"true\">\n\t\t\t\t<ul id=\"menu-2-58484761\" class=\"elementor-nav-menu\"><li class=\"menu-item menu-item-type-post_type menu-item-object-page menu-item-1996\"><a href=\"https:\/\/latamlogistics.es\/es\/conocenos\/\" class=\"elementor-item\" tabindex=\"-1\">CON\u00d3CENOS<\/a><\/li>\n<li class=\"menu-item menu-item-type-post_type menu-item-object-page menu-item-3202\"><a href=\"https:\/\/latamlogistics.es\/es\/terminal\/\" class=\"elementor-item\" tabindex=\"-1\">TERMINAL<\/a><\/li>\n<li class=\"menu-item menu-item-type-post_type menu-item-object-page menu-item-3204\"><a href=\"https:\/\/latamlogistics.es\/es\/campo-de-vuelo\/\" class=\"elementor-item\" tabindex=\"-1\">CAMPO DE VUELO<\/a><\/li>\n<li class=\"menu-item menu-item-type-post_type menu-item-object-page menu-item-3203\"><a href=\"https:\/\/latamlogistics.es\/es\/simulacion\/\" class=\"elementor-item\" tabindex=\"-1\">SIMULACI\u00d3N<\/a><\/li>\n<li class=\"menu-item menu-item-type-post_type menu-item-object-page menu-item-1998\"><a href=\"https:\/\/latamlogistics.es\/es\/terrestre\/\" class=\"elementor-item\" tabindex=\"-1\">TERRESTRE<\/a><\/li>\n<li class=\"menu-item menu-item-type-post_type menu-item-object-page menu-item-1999\"><a href=\"https:\/\/latamlogistics.es\/es\/nuestros-proyectos\/\" class=\"elementor-item\" tabindex=\"-1\">PROYECTOS<\/a><\/li>\n<\/ul>\t\t\t<\/nav>\n\t\t\t\t\t\t<\/div>\n\t\t\t\t<\/div>\n\t\t\t\t\t<\/div>\n\t\t<\/div>\n\t\t\t\t<div class=\"elementor-column elementor-col-33 elementor-top-column elementor-element elementor-element-232d12c7\" data-id=\"232d12c7\" data-element_type=\"column\">\n\t\t\t<div class=\"elementor-widget-wrap elementor-element-populated\">\n\t\t\t\t\t\t<div class=\"elementor-element elementor-element-371c966c elementor-widget__width-initial elementor-widget-mobile__width-initial elementor-nav-menu--dropdown-tablet elementor-nav-menu__text-align-aside elementor-nav-menu--toggle elementor-nav-menu--burger elementor-widget elementor-widget-nav-menu\" data-id=\"371c966c\" data-element_type=\"widget\" data-settings=\"{&quot;layout&quot;:&quot;horizontal&quot;,&quot;submenu_icon&quot;:{&quot;value&quot;:&quot;&lt;i class=\\&quot;fas fa-caret-down\\&quot; aria-hidden=\\&quot;true\\&quot;&gt;&lt;\\\/i&gt;&quot;,&quot;library&quot;:&quot;fa-solid&quot;},&quot;toggle&quot;:&quot;burger&quot;}\" data-widget_type=\"nav-menu.default\">\n\t\t\t\t<div class=\"elementor-widget-container\">\n\t\t\t\t\t\t\t\t<nav aria-label=\"Menu\" class=\"elementor-nav-menu--main elementor-nav-menu__container elementor-nav-menu--layout-horizontal e--pointer-underline e--animation-fade\">\n\t\t\t\t<ul id=\"menu-1-371c966c\" class=\"elementor-nav-menu\"><li class=\"menu-item menu-item-type-post_type menu-item-object-page menu-item-2002\"><a href=\"https:\/\/latamlogistics.es\/es\/contacto\/\" class=\"elementor-item\">CONTACTA<\/a><\/li>\n<li class=\"trp-language-switcher-container trp-menu-ls-item trp-menu-ls-desktop current-language-menu-item menu-item menu-item-type-post_type menu-item-object-language_switcher menu-item-has-children menu-item-1363\"><a href=\"https:\/\/latamlogistics.es\/es\/wp-json\/wp\/v2\/pages\/674\" class=\"elementor-item\"><span class=\"trp-menu-ls-label\" data-no-translation title=\"ES\"><span class=\"trp-ls-language-name\">ES<\/span><\/span><\/a>\n<ul class=\"sub-menu elementor-nav-menu--dropdown\">\n\t<li class=\"trp-language-switcher-container trp-menu-ls-item trp-menu-ls-desktop menu-item menu-item-type-post_type menu-item-object-language_switcher current-language-menu-item menu-item-50\"><a href=\"https:\/\/latamlogistics.es\/es\/wp-json\/wp\/v2\/pages\/674\" class=\"elementor-sub-item\"><span class=\"trp-menu-ls-label\" data-no-translation title=\"EN\"><span class=\"trp-ls-language-name\">EN<\/span><\/span><\/a><\/li>\n\t<li class=\"trp-language-switcher-container trp-menu-ls-item trp-menu-ls-desktop menu-item menu-item-type-post_type menu-item-object-language_switcher current-language-menu-item menu-item-2486\"><a href=\"https:\/\/latamlogistics.es\/es\/wp-json\/wp\/v2\/pages\/674\" class=\"elementor-sub-item\"><span class=\"trp-menu-ls-label\" data-no-translation title=\"CA\"><span class=\"trp-ls-language-name\">CA<\/span><\/span><\/a><\/li>\n<\/ul>\n<\/li>\n<\/ul>\t\t\t<\/nav>\n\t\t\t\t\t<div class=\"elementor-menu-toggle\" role=\"button\" tabindex=\"0\" aria-label=\"Menu Toggle\" aria-expanded=\"false\">\n\t\t\t<i aria-hidden=\"true\" role=\"presentation\" class=\"elementor-menu-toggle__icon--open eicon-menu-bar\"><\/i><i aria-hidden=\"true\" role=\"presentation\" class=\"elementor-menu-toggle__icon--close eicon-close\"><\/i>\t\t<\/div>\n\t\t\t\t\t<nav class=\"elementor-nav-menu--dropdown elementor-nav-menu__container\" aria-hidden=\"true\">\n\t\t\t\t<ul id=\"menu-2-371c966c\" class=\"elementor-nav-menu\"><li class=\"menu-item menu-item-type-post_type menu-item-object-page menu-item-2002\"><a href=\"https:\/\/latamlogistics.es\/es\/contacto\/\" class=\"elementor-item\" tabindex=\"-1\">CONTACTA<\/a><\/li>\n<li class=\"trp-language-switcher-container trp-menu-ls-item trp-menu-ls-desktop current-language-menu-item menu-item menu-item-type-post_type menu-item-object-language_switcher menu-item-has-children menu-item-1363\"><a href=\"https:\/\/latamlogistics.es\/es\/wp-json\/wp\/v2\/pages\/674\" class=\"elementor-item\" tabindex=\"-1\"><span class=\"trp-menu-ls-label\" data-no-translation title=\"ES\"><span class=\"trp-ls-language-name\">ES<\/span><\/span><\/a>\n<ul class=\"sub-menu elementor-nav-menu--dropdown\">\n\t<li class=\"trp-language-switcher-container trp-menu-ls-item trp-menu-ls-desktop menu-item menu-item-type-post_type menu-item-object-language_switcher current-language-menu-item menu-item-50\"><a href=\"https:\/\/latamlogistics.es\/es\/wp-json\/wp\/v2\/pages\/674\" class=\"elementor-sub-item\" tabindex=\"-1\"><span class=\"trp-menu-ls-label\" data-no-translation title=\"EN\"><span class=\"trp-ls-language-name\">EN<\/span><\/span><\/a><\/li>\n\t<li class=\"trp-language-switcher-container trp-menu-ls-item trp-menu-ls-desktop menu-item menu-item-type-post_type menu-item-object-language_switcher current-language-menu-item menu-item-2486\"><a href=\"https:\/\/latamlogistics.es\/es\/wp-json\/wp\/v2\/pages\/674\" class=\"elementor-sub-item\" tabindex=\"-1\"><span class=\"trp-menu-ls-label\" data-no-translation title=\"CA\"><span class=\"trp-ls-language-name\">CA<\/span><\/span><\/a><\/li>\n<\/ul>\n<\/li>\n<\/ul>\t\t\t<\/nav>\n\t\t\t\t\t\t<\/div>\n\t\t\t\t<\/div>\n\t\t\t\t\t<\/div>\n\t\t<\/div>\n\t\t\t\t\t<\/div>\n\t\t<\/section>\n\t\t\t\t<section class=\"elementor-section elementor-top-section elementor-element elementor-element-2b96710 elementor-section-full_width elementor-section-height-min-height elementor-section-height-default elementor-section-items-middle\" data-id=\"2b96710\" data-element_type=\"section\" data-settings=\"{&quot;background_background&quot;:&quot;classic&quot;}\">\n\t\t\t\t\t\t\t<div class=\"elementor-background-overlay\"><\/div>\n\t\t\t\t\t\t\t<div class=\"elementor-container elementor-column-gap-default\">\n\t\t\t\t\t<div class=\"elementor-column elementor-col-100 elementor-top-column elementor-element elementor-element-3412af6\" data-id=\"3412af6\" data-element_type=\"column\">\n\t\t\t<div class=\"elementor-widget-wrap elementor-element-populated\">\n\t\t\t\t\t\t<section class=\"elementor-section elementor-inner-section elementor-element elementor-element-e309619 elementor-section-boxed elementor-section-height-default elementor-section-height-default\" data-id=\"e309619\" data-element_type=\"section\">\n\t\t\t\t\t\t<div class=\"elementor-container elementor-column-gap-default\">\n\t\t\t\t\t<div class=\"elementor-column elementor-col-100 elementor-inner-column elementor-element elementor-element-98eddbc\" data-id=\"98eddbc\" data-element_type=\"column\">\n\t\t\t<div class=\"elementor-widget-wrap elementor-element-populated\">\n\t\t\t\t\t\t<div class=\"elementor-element elementor-element-b78cc8b elementor-widget elementor-widget-heading\" data-id=\"b78cc8b\" data-element_type=\"widget\" data-widget_type=\"heading.default\">\n\t\t\t\t<div class=\"elementor-widget-container\">\n\t\t\t\t\t<h1 class=\"elementor-heading-title elementor-size-default\">Pol\u00edtica de protecci\u00f3n de datos<\/h1>\t\t\t\t<\/div>\n\t\t\t\t<\/div>\n\t\t\t\t\t<\/div>\n\t\t<\/div>\n\t\t\t\t\t<\/div>\n\t\t<\/section>\n\t\t\t\t\t<\/div>\n\t\t<\/div>\n\t\t\t\t\t<\/div>\n\t\t<\/section>\n\t\t\t\t<section class=\"elementor-section elementor-top-section elementor-element elementor-element-27f1721 elementor-section-boxed elementor-section-height-default elementor-section-height-default\" data-id=\"27f1721\" data-element_type=\"section\">\n\t\t\t\t\t\t<div class=\"elementor-container elementor-column-gap-default\">\n\t\t\t\t\t<div class=\"elementor-column elementor-col-100 elementor-top-column elementor-element elementor-element-4dac806\" data-id=\"4dac806\" data-element_type=\"column\">\n\t\t\t<div class=\"elementor-widget-wrap elementor-element-populated\">\n\t\t\t\t\t\t<div class=\"elementor-element elementor-element-620fc2c elementor-widget elementor-widget-text-editor\" data-id=\"620fc2c\" data-element_type=\"widget\" data-widget_type=\"text-editor.default\">\n\t\t\t\t<div class=\"elementor-widget-container\">\n\t\t\t\t\t\t\t\t\t<p>EL TITULAR se compromete a proteger la privacidad de los usuarios que accedan a esta web y\/o cualquiera de sus servicios. La utilizaci\u00f3n de la web y\/o de cualquiera de los servicios ofrecidos por EL TITULAR implica la aceptaci\u00f3n por el usuario de las disposiciones contenidas en la presente Pol\u00edtica de Privacidad y que sus datos personales sean tratados seg\u00fan se estipula en ella. Por favor, tenga en cuenta que a pesar de que pueda haber enlaces de nuestra web a otras webs o redes sociales, esta Pol\u00edtica de Privacidad no se aplica a las webs de otras compa\u00f1\u00edas u organizaciones a las que la web est\u00e9 redirigida. EL TITULAR no controla el contenido de las webs de terceros, ni acepta cualquier responsabilidad por el contenido o las pol\u00edticas de privacidad de estas webs.<\/p><p>\u00a0<\/p><p class=\" text-bold \"><strong>Informaci\u00f3n b\u00e1sica sobre el tratamiento de datos (Reglamento (UE) 2016\/679 y LO 3\/2018)<\/strong><\/p><table><tbody><tr><td>Responsable del tratamiento<\/td><td>EL TITULAR.<br \/>Nuestros datos figuran en el\u00a0<a href=\"https:\/\/latamdesarrollo.com\/aviso-legal\/\" target=\"blank\" rel=\"noopener\">aviso legal<\/a>\u00a0de esta web.<\/td><\/tr><tr><td>Finalidad del tratamiento<\/td><td>Ofrecer y gestionar nuestros productos i\/o servicios.<\/td><\/tr><tr><td>Legitimaci\u00f3n<\/td><td>Consentimiento obtenido del interesado. Ejecuci\u00f3n del contrato de servicios.<\/td><\/tr><tr><td>Destinatarios<\/td><td>Los datos no ser\u00e1n comunicados a terceros, salvo que lo exija una Ley o sea necesario para cumplir con la finalidad del tratamiento.<\/td><\/tr><tr><td>Derechos de las personas<\/td><td>Los interesados tienen derecho a ejercer los derechos de acceso, rectificaci\u00f3n, limitaci\u00f3n de tratamiento, supresi\u00f3n, portabilidad y oposici\u00f3n, enviando su solicitud a nuestra direcci\u00f3n.<\/td><\/tr><tr><td>Plazo de conservaci\u00f3n de los datos<\/td><td>Mientras se mantenga la relaci\u00f3n comercial o durante los a\u00f1os necesarios para cumplir con las obligaciones legales.<\/td><\/tr><tr><td>Reclamaci\u00f3n<\/td><td>Los interesados pueden dirigirse a la AEPD para presentar la reclamaci\u00f3n que considere oportuna.<\/td><\/tr><tr><td>Informaci\u00f3n adicional<\/td><td>Puede consultar la informaci\u00f3n adicional y detallada a continuaci\u00f3n en las \u201cPreguntas sobre privacidad\u201d.<\/td><\/tr><\/tbody><\/table><p>\u00a0<\/p><p class=\"titol text-bold text-uppercase \"><strong>Preguntas sobre privacidad<\/strong><\/p><p>En cumplimiento del Reglamento (UE) 2016\/679 del Parlamento Europeo y del Consejo, de 27 de abril de 2016, (RGPD), y la Ley Org\u00e1nica 3\/2018, de 5 de diciembre, de Protecci\u00f3n de Datos Personales y garant\u00eda de los derechos digitales (LOPDGDD le ofrecemos la siguiente informaci\u00f3n sobre el tratamiento de sus datos personales:<\/p><p>\u00a0<\/p><p class=\" text-bold \"><strong>\u00bfQui\u00e9n es el responsable del tratamiento de sus datos?<\/strong><\/p><p>EL TITULAR.<br \/>Nuestros datos figuran en el\u00a0<a href=\"https:\/\/latamdesarrollo.com\/aviso-legal\/\" target=\"blank\" rel=\"noopener\">aviso legal<\/a>\u00a0de esta web.<\/p><p class=\" text-bold \">\u00bfCon qu\u00e9 finalidad tratamos sus datos personales?<\/p><div class=\"cont\"><ul><li>Tratamos la informaci\u00f3n que se nos facilita para prestar y facturar nuestros servicios y productos.<\/li><\/ul><\/div><div class=\"cont\"><ul><li>Si nos da su consentimiento tambi\u00e9n podremos tratar sus datos para enviarle informaci\u00f3n sobre nuestras actividades, servicios y productos.<\/li><\/ul><\/div><div class=\"cont\"><ul><li>Si participa en alguno de nuestros sorteos y\/o concursos publicaremos su nombre y apellidos, y su imagen, en los diferentes espacios y medios de comunicaci\u00f3n y difusi\u00f3n que utilizamos, incluidas las redes sociales, con el fin de promocionar nuestras actividades, servicios y productos.<\/li><\/ul><p>\u00a0<\/p><\/div><p class=\" text-bold \"><strong>\u00bfCu\u00e1nto tiempo conservaremos sus datos?<\/strong><\/p><p>Los datos personales proporcionados se conservar\u00e1n mientras sea usuario de nuestros servicios o quiera recibir informaci\u00f3n, y si participa en una promoci\u00f3n mientras est\u00e9 activa, y luego, durante los plazos establecidos para cumplir con nuestras obligaciones legales.<\/p><p>\u00a0<\/p><p class=\" text-bold \"><strong>\u00bfCu\u00e1l es la legitimaci\u00f3n para el tratamiento de sus datos?<\/strong><\/p><p>La base legal para los tratamientos de sus datos son los consentimientos que nos da.<\/p><p>Respecto a la informaci\u00f3n que nos sea enviada por menores de 16 a\u00f1os, se entender\u00e1 que lo ha sido con el consentimiento de sus representantes legales. Si no es as\u00ed, el representante legal del menor nos lo tiene que comunicar tan pronto como tenga conocimiento.<\/p><p>\u00a0<\/p><p class=\" text-bold \"><strong>\u00bfA qu\u00e9 destinatarios se comunicar\u00e1n sus datos?<\/strong><\/p><p>Los datos no ser\u00e1n comunicados a terceros, salvo que lo exija una Ley o sea necesario para cumplir con la finalidad del tratamiento.<\/p><p>\u00a0<\/p><p class=\" text-bold \"><strong>\u00bfCu\u00e1les son sus derechos cuando nos facilita sus datos?<\/strong><\/p><div class=\"cont\"><ul><li>Cualquier persona tiene derecho a obtener confirmaci\u00f3n sobre si estamos tratando o no sus datos personales.<\/li><\/ul><\/div><div class=\"cont\"><ul><li>Los interesados tienen derecho a acceder a sus datos personales, as\u00ed como a solicitar la rectificaci\u00f3n de los datos inexactos o, en su caso, solicitar su supresi\u00f3n cuando, entre otros motivos, los datos ya no sean necesarios para las finalidades para las que se recogieron.<\/li><\/ul><\/div><div class=\"cont\"><ul><li>En determinadas circunstancias los interesados podr\u00e1n solicitar la limitaci\u00f3n del tratamiento de sus datos, en este caso \u00fanicamente los conservaremos para el ejercicio o la defensa de reclamaciones.<\/li><\/ul><\/div><div class=\"cont\"><ul><li>Tambi\u00e9n, en determinadas circunstancias y por motivos relacionados con su situaci\u00f3n particular, los interesados pueden oponerse al tratamiento de sus datos.<\/li><\/ul><\/div><div class=\"cont\"><ul><li>Los interesados tambi\u00e9n tienen derecho a la portabilidad de sus datos.<\/li><\/ul><\/div><div class=\"cont\"><ul><li>Finalmente, los interesados tienen derecho a presentar una reclamaci\u00f3n ante la Autoridad de Control competente.<\/li><\/ul><p>\u00a0<\/p><\/div><p class=\" text-bold \"><strong>\u00bfC\u00f3mo puede ejercer sus derechos?<\/strong><\/p><p>Enviando un escrito adjuntando una copia de un documento que lo identifique, a nuestra direcci\u00f3n f\u00edsica o electr\u00f3nica.<\/p><p>\u00a0<\/p><p class=\" text-bold \"><strong>\u00bfC\u00f3mo hemos obtenido sus datos?<\/strong><\/p><p>Los datos personales que tratamos proceden del propio interesado. El interesado garantiza que los datos personales facilitados son ciertos y se hace responsable de comunicar cualquier modificaci\u00f3n de estos. Los datos que est\u00e9n marcados con un asterisco ser\u00e1n obligatorios para poder darle el servicio solicitado.<\/p><p>\u00a0<\/p><p class=\" text-bold \"><strong>\u00bfQu\u00e9 datos tratamos?<\/strong><\/p><p>Las categor\u00edas de datos que podemos tratar en la prestaci\u00f3n de nuestros servicios son:<\/p><div class=\"cont\"><ul><li>Datos de car\u00e1cter identificativo<\/li><\/ul><\/div><div class=\"cont\"><ul><li>Direcciones postales o electr\u00f3nicas<\/li><\/ul><\/div><div class=\"cont\"><ul><li>Otros datos solicitados en nuestros formularios<\/li><\/ul><\/div><p>Los datos son limitados, dado que \u00fanicamente tratamos los datos necesarios para la prestaci\u00f3n de nuestros servicios y la gesti\u00f3n de nuestra actividad.<\/p><p>\u00a0<\/p><p class=\" text-bold \"><strong>\u00bfUsamos cookies?<\/strong><\/p><p>Utilizamos cookies durante la navegaci\u00f3n en nuestra web con el consentimiento informado del usuario. El usuario puede configurar su navegador para ser avisado de la utilizaci\u00f3n de cookies y para evitar su uso. Para obtener m\u00e1s informaci\u00f3n visite nuestra\u00a0<a href=\"https:\/\/latamdesarrollo.com\/politica-de-cookies\/\" target=\"blank\" rel=\"noopener\">pol\u00edtica de cookies<\/a>.<\/p><p>\u00a0<\/p><p class=\" text-bold \"><strong>\u00bfQu\u00e9 medidas de seguridad aplicamos?<\/strong><\/p><p>Aplicamos las medidas de seguridad establecidas en el art\u00edculo 32 del RGPD, por tanto, hemos adoptado las medidas de seguridad necesarias para garantizar un nivel de seguridad adecuado al riesgo del tratamiento de datos que realizamos, con mecanismos que nos permiten garantizar la confidencialidad, integridad, disponibilidad y resiliencia permanente de los sistemas y servicios de tratamiento.<\/p><p>Algunas de estas medidas son:<\/p><div class=\"cont\"><ul><li>Informaci\u00f3n de las pol\u00edticas de tratamiento de datos al personal.<\/li><\/ul><\/div><div class=\"cont\"><ul><li>Realizaci\u00f3n de copias de seguridad peri\u00f3dicas.<\/li><\/ul><\/div><div class=\"cont\"><ul><li>Control de acceso a los datos.<\/li><\/ul><\/div><div class=\"cont\"><ul><li>Procesos de verificaci\u00f3n, evaluaci\u00f3n y valoraci\u00f3n regulares.<\/li><\/ul><\/div>\t\t\t\t\t\t\t\t<\/div>\n\t\t\t\t<\/div>\n\t\t\t\t\t<\/div>\n\t\t<\/div>\n\t\t\t\t\t<\/div>\n\t\t<\/section>\n\t\t\t\t<\/div>\n\t\t","protected":false},"excerpt":{"rendered":"<p>EL TITULAR se compromete a proteger la privacidad de los usuarios que accedan a esta web y\/o cualquiera de sus servicios. La utilizaci\u00f3n de la web y\/o de cualquiera de los servicios ofrecidos por EL TITULAR implica la aceptaci\u00f3n por el usuario de las disposiciones contenidas en la presente Pol\u00edtica de Privacidad y que sus&hellip;&nbsp;<a href=\"https:\/\/latamlogistics.es\/es\/politica-de-proteccion-de-datos\/\" rel=\"bookmark\">Leer m\u00e1s &raquo;<span class=\"screen-reader-text\">Pol\u00edtica de protecci\u00f3n de datos<\/span><\/a><\/p>\n","protected":false},"author":1,"featured_media":0,"parent":0,"menu_order":0,"comment_status":"closed","ping_status":"closed","template":"page-templates\/template-pagebuilder-full-width.php","meta":{"neve_meta_sidebar":"","neve_meta_container":"","neve_meta_enable_content_width":"off","neve_meta_content_width":100,"neve_meta_title_alignment":"","neve_meta_author_avatar":"","neve_post_elements_order":"","neve_meta_disable_header":"","neve_meta_disable_footer":"","neve_meta_disable_title":"","footnotes":""},"class_list":["post-674","page","type-page","status-publish","hentry"],"acf":[],"aioseo_notices":[],"_links":{"self":[{"href":"https:\/\/latamlogistics.es\/es\/wp-json\/wp\/v2\/pages\/674","targetHints":{"allow":["GET"]}}],"collection":[{"href":"https:\/\/latamlogistics.es\/es\/wp-json\/wp\/v2\/pages"}],"about":[{"href":"https:\/\/latamlogistics.es\/es\/wp-json\/wp\/v2\/types\/page"}],"author":[{"embeddable":true,"href":"https:\/\/latamlogistics.es\/es\/wp-json\/wp\/v2\/users\/1"}],"replies":[{"embeddable":true,"href":"https:\/\/latamlogistics.es\/es\/wp-json\/wp\/v2\/comments?post=674"}],"version-history":[{"count":13,"href":"https:\/\/latamlogistics.es\/es\/wp-json\/wp\/v2\/pages\/674\/revisions"}],"predecessor-version":[{"id":3411,"href":"https:\/\/latamlogistics.es\/es\/wp-json\/wp\/v2\/pages\/674\/revisions\/3411"}],"wp:attachment":[{"href":"https:\/\/latamlogistics.es\/es\/wp-json\/wp\/v2\/media?parent=674"}],"curies":[{"name":"wp","href":"https:\/\/api.w.org\/{rel}","templated":true}]}}